
{"id":853,"date":"2021-11-04T10:20:51","date_gmt":"2021-11-04T10:20:51","guid":{"rendered":"https:\/\/www.intacol.pt\/?page_id=853"},"modified":"2024-05-24T12:31:19","modified_gmt":"2024-05-24T12:31:19","slug":"a-marca","status":"publish","type":"page","link":"https:\/\/www.intacol.pt\/en\/a-mark\/","title":{"rendered":"The Brand"},"content":{"rendered":"<p>[et_pb_section fb_built=&#8221;1&#8243; _builder_version=&#8221;4.12.1&#8243; _module_preset=&#8221;default&#8221; background_image=&#8221;https:\/\/www.intacol.pt\/wp-content\/uploads\/2022\/01\/04_Sobre-scaled.jpg&#8221; hover_enabled=&#8221;0&#8243; box_shadow_style=&#8221;preset2&#8243; global_colors_info=&#8221;{}&#8221; background_color=&#8221;#000000&#8243; sticky_enabled=&#8221;0&#8243;][et_pb_row column_structure=&#8221;1_3,2_3&#8243; _builder_version=&#8221;4.12.1&#8243; _module_preset=&#8221;default&#8221; global_colors_info=&#8221;{}&#8221;][et_pb_column type=&#8221;1_3&#8243; _builder_version=&#8221;4.12.1&#8243; _module_preset=&#8221;default&#8221; global_colors_info=&#8221;{}&#8221;][\/et_pb_column][et_pb_column type=&#8221;2_3&#8243; _builder_version=&#8221;4.12.1&#8243; _module_preset=&#8221;default&#8221; global_colors_info=&#8221;{}&#8221;][et_pb_text _builder_version=&#8221;4.12.1&#8243; _module_preset=&#8221;default&#8221; text_font=&#8221;Neutra2Display-Medium||||||||&#8221; text_text_color=&#8221;#FFFFFF&#8221; text_font_size=&#8221;20px&#8221; text_line_height=&#8221;1.3em&#8221; header_font=&#8221;Neutra2Display-Titling||||||||&#8221; header_text_color=&#8221;#FFFFFF&#8221; header_line_height=&#8221;1.7em&#8221; header_6_font=&#8221;Neutra2Display-Medium||||||||&#8221; header_6_text_color=&#8221;#FFFFFF&#8221; header_6_font_size=&#8221;22px&#8221; header_6_line_height=&#8221;1.3em&#8221; width=&#8221;90%&#8221; width_tablet=&#8221;100%&#8221; width_phone=&#8221;100%&#8221; width_last_edited=&#8221;on|desktop&#8221; custom_margin=&#8221;200px||||false|false&#8221; custom_margin_tablet=&#8221;200px||||false|false&#8221; custom_margin_phone=&#8221;200px||||false|false&#8221; custom_margin_last_edited=&#8221;on|phone&#8221; custom_padding=&#8221;||||false|false&#8221; hover_enabled=&#8221;0&#8243; global_colors_info=&#8221;{}&#8221; sticky_enabled=&#8221;0&#8243;]<\/p>\n<h1 style=\"text-align: left;\">Mais que uma marca<\/h1>\n<p style=\"text-align: justify;\">Fundada em 1990, a INTACOL foi pioneira na introdu\u00e7\u00e3o do processo de Microniza\u00e7\u00e3o em Portugal, constituindo-se na \u00fanica f\u00e1brica portuguesa que apostou nesta t\u00e9cnica inovadora.<br \/>Dedicada, numa fase inicial, \u00e0 produ\u00e7\u00e3o de soja micronizada laminada de forma intensiva, passou progressivamente a uma produ\u00e7\u00e3o de cereais micronizados laminados.<\/p>\n<p>Em constante melhoria e desenvolvimento, foi a partir de 1995 que a INTACOL focou e especializou a sua actividade na produ\u00e7\u00e3o de alimentos completos para cavalos. Para este salto, foi fulcral a parceria com a Charnwood Milling Company, uma reputada empresa brit\u00e2nica de nutri\u00e7\u00e3o para cavalos.<\/p>\n<p>Em 2004, a INTACOL foi adquirida pela Reagro, uma importante empresa portuguesa de trading no dom\u00ednio das mat\u00e9riasprimas para a alimenta\u00e7\u00e3o animal.<\/p>\n<p>O desenvolvimento, produ\u00e7\u00e3o e comercializa\u00e7\u00e3o de alimentos exclusivamente para cavalos passou a ser o foco da INTACOL, tendo como compromisso o rigoroso controlo de qualidade das mat\u00e9rias-primas constituintes. Estas s\u00e3o cuidadosamente seleccionadas e submetidas a fi\u00e1veis e consistentes processos de tratamento t\u00e9rmico, que asseguram uma melhoria consider\u00e1vel da digestibilidade, aumentando a energia dispon\u00edvel e a seguran\u00e7a dos alimentos (elimina\u00e7\u00e3o de factores anti-nutricionais).<\/p>\n<p>A INTACOL possui variadas gamas de alimentos concentrado que satisfazem as necessidades nutricionais de \u00e9guas, poldros, garanh\u00f5es e cavalos em todos os n\u00edveis de competi\u00e7\u00e3o, nas v\u00e1rias modalidades e em todos os estados fisiol\u00f3gicos.<\/p>\n<p>Em 2020 a INTACOL decidiu ampliar o seu espectro de produtos lan\u00e7ando uma nova linha de suplementos, especialmente desenvolvida para melhorar a sa\u00fade das articula\u00e7\u00f5es, cascos, respira\u00e7\u00e3o, digest\u00e3o, intestino e o comportamento dos cavalos.<\/p>\n<p>[\/et_pb_text][et_pb_text _builder_version=&#8221;4.12.1&#8243; _module_preset=&#8221;default&#8221; text_font=&#8221;Neutra2Display-Medium||||||||&#8221; text_text_color=&#8221;#FFFFFF&#8221; text_font_size=&#8221;20px&#8221; text_line_height=&#8221;1.3em&#8221; header_font=&#8221;Neutra2Display-Titling||||||||&#8221; header_text_color=&#8221;#FFFFFF&#8221; header_line_height=&#8221;1.7em&#8221; header_6_font=&#8221;Neutra2Display-Medium||||||||&#8221; header_6_text_color=&#8221;#FFFFFF&#8221; header_6_font_size=&#8221;22px&#8221; header_6_line_height=&#8221;1.3em&#8221; width=&#8221;90%&#8221; width_tablet=&#8221;100%&#8221; width_phone=&#8221;100%&#8221; width_last_edited=&#8221;on|desktop&#8221; custom_margin=&#8221;||||false|false&#8221; custom_padding=&#8221;||||false|false&#8221; global_colors_info=&#8221;{}&#8221;]<\/p>\n<h1 style=\"text-align: left;\">Nutri\u00e7\u00e3o<\/h1>\n<p style=\"text-align: justify;\">Assegurando sempre a m\u00e1xima qualidade, a INTACOL tem capacidade de elaborar um arra\u00e7oamento personalizado para cada cavalo, onde tem em conta o seu peso, estrutura, trabalho e outros factores.<\/p>\n<p style=\"text-align: justify;\">O objectivo da INTACOL \u00e9 assegurar um aporte nutricional correcto:<\/p>\n<p>[\/et_pb_text][et_pb_blurb title=&#8221;NAS DIFERENTES FASES DE CRESCIMENTO&#8221; module_class=&#8221;caixa&#8221; _builder_version=&#8221;4.12.1&#8243; _module_preset=&#8221;default&#8221; header_font=&#8221;Neutra2Display-Titling||||||||&#8221; header_text_align=&#8221;center&#8221; header_text_color=&#8221;#FFFFFF&#8221; header_line_height=&#8221;1.3em&#8221; width=&#8221;30%&#8221; width_tablet=&#8221;30%&#8221; width_phone=&#8221;100%&#8221; width_last_edited=&#8221;on|phone&#8221; module_alignment=&#8221;left&#8221; custom_margin=&#8221;||||false|false&#8221; custom_padding=&#8221;15px|15px||15px|false|true&#8221; custom_css_main_element=&#8221;display: inline-block;&#8221; border_width_all=&#8221;1px&#8221; border_color_all=&#8221;#ffffff&#8221; global_colors_info=&#8221;{}&#8221; custom_css_main_element_last_edited=&#8221;on|phone&#8221; custom_css_main_element_phone=&#8221;display: block&#8221; custom_css_main_element_tablet=&#8221;display: inline-block;&#8221;][\/et_pb_blurb][et_pb_blurb title=&#8221;NAS DIFERENTES ACTIVIDADES DESPORTIVAS, OPTIMIZANDO O RENDIMENTO DESPORTIVO M\u00c1XIMO&#8221; _builder_version=&#8221;4.12.1&#8243; _module_preset=&#8221;default&#8221; header_font=&#8221;Neutra2Display-Titling||||||||&#8221; header_text_align=&#8221;center&#8221; header_text_color=&#8221;#FFFFFF&#8221; header_line_height=&#8221;1.3em&#8221; width=&#8221;55%&#8221; width_tablet=&#8221;55%&#8221; width_phone=&#8221;100%&#8221; width_last_edited=&#8221;on|phone&#8221; module_alignment=&#8221;left&#8221; custom_padding=&#8221;15px|15px||15px|false|true&#8221; custom_css_main_element=&#8221;display: inline-block;&#8221; border_width_all=&#8221;1px&#8221; border_color_all=&#8221;#ffffff&#8221; global_colors_info=&#8221;{}&#8221;][\/et_pb_blurb][et_pb_text _builder_version=&#8221;4.12.1&#8243; _module_preset=&#8221;default&#8221; text_font=&#8221;Neutra2Display-Medium||||||||&#8221; text_text_color=&#8221;#FFFFFF&#8221; text_font_size=&#8221;20px&#8221; text_line_height=&#8221;1.3em&#8221; header_font=&#8221;Neutra2Display-Titling||||||||&#8221; header_text_color=&#8221;#FFFFFF&#8221; header_line_height=&#8221;1.7em&#8221; header_6_font=&#8221;Neutra2Display-Medium||||||||&#8221; header_6_text_color=&#8221;#FFFFFF&#8221; header_6_font_size=&#8221;22px&#8221; header_6_line_height=&#8221;1.3em&#8221; width=&#8221;90%&#8221; width_tablet=&#8221;100%&#8221; width_phone=&#8221;100%&#8221; width_last_edited=&#8221;on|desktop&#8221; custom_margin=&#8221;||||false|false&#8221; custom_padding=&#8221;||||false|false&#8221; global_colors_info=&#8221;{}&#8221;]<\/p>\n<h1 style=\"text-align: left;\">Como?<\/h1>\n<p style=\"text-align: justify;\">Atrav\u00e9s de alimentos e programas alimentares equilibrados, asseguramos o cumprimento de todos os par\u00e2metros nutricionais, garantindo a sa\u00fade, o bem-estar e a optimiza\u00e7\u00e3o de performance de todos os cavalos.<\/p>\n<p>[\/et_pb_text][\/et_pb_column][\/et_pb_row][\/et_pb_section][et_pb_section fb_built=&#8221;1&#8243; _builder_version=&#8221;4.12.1&#8243; _module_preset=&#8221;default&#8221; global_colors_info=&#8221;{}&#8221;][et_pb_row _builder_version=&#8221;4.12.1&#8243; _module_preset=&#8221;default&#8221; global_colors_info=&#8221;{}&#8221;][et_pb_column type=&#8221;4_4&#8243; _builder_version=&#8221;4.12.1&#8243; _module_preset=&#8221;default&#8221; global_colors_info=&#8221;{}&#8221;][et_pb_text _builder_version=&#8221;4.12.1&#8243; _module_preset=&#8221;default&#8221; header_font=&#8221;Neutra2Display-Titling||||||||&#8221; header_text_color=&#8221;#e08738&#8243; text_orientation=&#8221;center&#8221; width=&#8221;75%&#8221; width_tablet=&#8221;100%&#8221; width_phone=&#8221;100%&#8221; width_last_edited=&#8221;on|desktop&#8221; module_alignment=&#8221;center&#8221; custom_margin=&#8221;||0px||false|false&#8221; custom_padding=&#8221;||||false|false&#8221; global_colors_info=&#8221;{}&#8221;]<\/p>\n<h1 style=\"text-align: center;\">Esta \u00e9 a nossa miss\u00e3o<\/h1>\n<p>[\/et_pb_text][et_pb_text _builder_version=&#8221;4.12.1&#8243; _module_preset=&#8221;default&#8221; header_font=&#8221;Neutra2Display-Titling||||||||&#8221; header_text_color=&#8221;#e08738&#8243; text_orientation=&#8221;center&#8221; width=&#8221;75%&#8221; width_tablet=&#8221;100%&#8221; width_phone=&#8221;100%&#8221; width_last_edited=&#8221;on|desktop&#8221; module_alignment=&#8221;center&#8221; global_colors_info=&#8221;{}&#8221;]<\/p>\n<h1>Assegurar a correta alimenta\u00e7\u00e3o do seu cavalo!<\/h1>\n<p>[\/et_pb_text][\/et_pb_column][\/et_pb_row][\/et_pb_section]<\/p>\n","protected":false},"excerpt":{"rendered":"<p>Mais que uma marca Fundada em 1990, a INTACOL foi pioneira na introdu\u00e7\u00e3o do processo de Microniza\u00e7\u00e3o em Portugal, constituindo-se na \u00fanica f\u00e1brica portuguesa que apostou nesta t\u00e9cnica inovadora.Dedicada, numa fase inicial, \u00e0 produ\u00e7\u00e3o de soja micronizada laminada de forma intensiva, passou progressivamente a uma produ\u00e7\u00e3o de cereais micronizados laminados. Em constante melhoria e desenvolvimento, [&hellip;]<\/p>\n","protected":false},"author":1,"featured_media":0,"parent":0,"menu_order":0,"comment_status":"closed","ping_status":"closed","template":"","meta":{"_et_pb_use_builder":"on","_et_pb_old_content":"","_et_gb_content_width":"","footnotes":""},"class_list":["post-853","page","type-page","status-publish","hentry"],"acf":[],"_links":{"self":[{"href":"https:\/\/www.intacol.pt\/en\/wp-json\/wp\/v2\/pages\/853","targetHints":{"allow":["GET"]}}],"collection":[{"href":"https:\/\/www.intacol.pt\/en\/wp-json\/wp\/v2\/pages"}],"about":[{"href":"https:\/\/www.intacol.pt\/en\/wp-json\/wp\/v2\/types\/page"}],"author":[{"embeddable":true,"href":"https:\/\/www.intacol.pt\/en\/wp-json\/wp\/v2\/users\/1"}],"replies":[{"embeddable":true,"href":"https:\/\/www.intacol.pt\/en\/wp-json\/wp\/v2\/comments?post=853"}],"version-history":[{"count":31,"href":"https:\/\/www.intacol.pt\/en\/wp-json\/wp\/v2\/pages\/853\/revisions"}],"predecessor-version":[{"id":2640,"href":"https:\/\/www.intacol.pt\/en\/wp-json\/wp\/v2\/pages\/853\/revisions\/2640"}],"wp:attachment":[{"href":"https:\/\/www.intacol.pt\/en\/wp-json\/wp\/v2\/media?parent=853"}],"curies":[{"name":"wp","href":"https:\/\/api.w.org\/{rel}","templated":true}]}}