
{"id":1232,"date":"2021-11-16T13:09:00","date_gmt":"2021-11-16T13:09:00","guid":{"rendered":"https:\/\/www.intacol.pt\/?post_type=product&#038;p=1232"},"modified":"2025-09-24T10:28:10","modified_gmt":"2025-09-24T10:28:10","slug":"alfabeet","status":"publish","type":"product","link":"https:\/\/www.intacol.pt\/es\/produto\/alfabeet\/","title":{"rendered":"ALFABEET"},"content":{"rendered":"<h3><strong>Alimento desarrollado para sustituir parcialmente el forraje de todo tipo de caballos, compuesto por s\u00faper fibras como Pulpa de Remolacha y Alfalfa que aportan energ\u00eda de liberaci\u00f3n lenta, ayudando a mantener una buena salud digestiva.<\/strong><\/h3>\n<div>\u2022 Ideal para caballos que requieren una fuente de forraje alternativa o un alimento con bajo contenido de almid\u00f3n y alto contenido de fibra, o caballos con problemas dentales y\/o digestivos.<\/div>\n<div>\u2022 Debe disolverse en agua para crear un alimento que sea f\u00e1cil de masticar y digerir.<\/div>","protected":false},"excerpt":{"rendered":"<p>Alimento desarrollado para sustituir parcialmente el forraje de todo tipo de caballos, compuesto por superfibras como Pulpa de Remolacha y Alfalfa.<\/p>","protected":false},"featured_media":2818,"comment_status":"open","ping_status":"closed","template":"","meta":{"_et_pb_use_builder":"","_et_pb_old_content":"","_et_gb_content_width":""},"product_brand":[],"product_cat":[148,154,34,153],"product_tag":[127,116,68,71],"class_list":{"0":"post-1232","1":"product","2":"type-product","3":"status-publish","4":"has-post-thumbnail","6":"product_cat-alimentos","7":"product_cat-fibras","8":"product_cat-produtos","9":"product_cat-sem-cereais","10":"product_tag-baixo-em-amido-e-acucares","11":"product_tag-fontes-de-fibra","12":"product_tag-trabalho-ligeiro-lazer","13":"product_tag-trabalho-moderado-intenso","15":"first","16":"instock","17":"shipping-taxable","18":"product-type-simple"},"acf":[],"_links":{"self":[{"href":"https:\/\/www.intacol.pt\/es\/wp-json\/wp\/v2\/product\/1232","targetHints":{"allow":["GET"]}}],"collection":[{"href":"https:\/\/www.intacol.pt\/es\/wp-json\/wp\/v2\/product"}],"about":[{"href":"https:\/\/www.intacol.pt\/es\/wp-json\/wp\/v2\/types\/product"}],"replies":[{"embeddable":true,"href":"https:\/\/www.intacol.pt\/es\/wp-json\/wp\/v2\/comments?post=1232"}],"wp:featuredmedia":[{"embeddable":true,"href":"https:\/\/www.intacol.pt\/es\/wp-json\/wp\/v2\/media\/2818"}],"wp:attachment":[{"href":"https:\/\/www.intacol.pt\/es\/wp-json\/wp\/v2\/media?parent=1232"}],"wp:term":[{"taxonomy":"product_brand","embeddable":true,"href":"https:\/\/www.intacol.pt\/es\/wp-json\/wp\/v2\/product_brand?post=1232"},{"taxonomy":"product_cat","embeddable":true,"href":"https:\/\/www.intacol.pt\/es\/wp-json\/wp\/v2\/product_cat?post=1232"},{"taxonomy":"product_tag","embeddable":true,"href":"https:\/\/www.intacol.pt\/es\/wp-json\/wp\/v2\/product_tag?post=1232"}],"curies":[{"name":"gracias","href":"https:\/\/api.w.org\/{rel}","templated":true}]}}