
{"id":1831,"date":"2022-03-02T11:32:16","date_gmt":"2022-03-02T11:32:16","guid":{"rendered":"https:\/\/www.intacol.pt\/?post_type=product&#038;p=1831"},"modified":"2025-09-24T07:56:20","modified_gmt":"2025-09-24T07:56:20","slug":"alfalfa","status":"publish","type":"product","link":"https:\/\/www.intacol.pt\/es\/produto\/alfalfa\/","title":{"rendered":"ALFALFA"},"content":{"rendered":"<h3><strong>Alimento seguro y palatable para caballos, que puede representar de 20 a 50% de alimento forrajero diario.<\/strong><\/h3>\n<div>\u2022 100% fardos de alfalfa.<br \/>\n\u2022 Rico en prote\u00ednas de calidad y fibra altamente digestible, asegurando el bienestar general del tracto digestivo.<br \/>\ndel caballo<br \/>\n\u2022 Gracias al efecto amortiguador que proporciona la alfalfa, su uso se vuelve ventajoso para el apoyo nutricional en casos de caballos con S\u00edndrome de \u00dalcera G\u00e1strica.<\/div>","protected":false},"excerpt":{"rendered":"<p>Alimento compuesto por 100% por alfalfa, lo que puede representar de 20 a 50% del alimento forrajero diario.<\/p>","protected":false},"featured_media":2819,"comment_status":"open","ping_status":"closed","template":"","meta":{"_et_pb_use_builder":"","_et_pb_old_content":"","_et_gb_content_width":""},"product_brand":[],"product_cat":[154,34],"product_tag":[127,116,68,71],"class_list":{"0":"post-1831","1":"product","2":"type-product","3":"status-publish","4":"has-post-thumbnail","6":"product_cat-fibras","7":"product_cat-produtos","8":"product_tag-baixo-em-amido-e-acucares","9":"product_tag-fontes-de-fibra","10":"product_tag-trabalho-ligeiro-lazer","11":"product_tag-trabalho-moderado-intenso","13":"first","14":"instock","15":"shipping-taxable","16":"product-type-simple"},"acf":[],"_links":{"self":[{"href":"https:\/\/www.intacol.pt\/es\/wp-json\/wp\/v2\/product\/1831","targetHints":{"allow":["GET"]}}],"collection":[{"href":"https:\/\/www.intacol.pt\/es\/wp-json\/wp\/v2\/product"}],"about":[{"href":"https:\/\/www.intacol.pt\/es\/wp-json\/wp\/v2\/types\/product"}],"replies":[{"embeddable":true,"href":"https:\/\/www.intacol.pt\/es\/wp-json\/wp\/v2\/comments?post=1831"}],"wp:featuredmedia":[{"embeddable":true,"href":"https:\/\/www.intacol.pt\/es\/wp-json\/wp\/v2\/media\/2819"}],"wp:attachment":[{"href":"https:\/\/www.intacol.pt\/es\/wp-json\/wp\/v2\/media?parent=1831"}],"wp:term":[{"taxonomy":"product_brand","embeddable":true,"href":"https:\/\/www.intacol.pt\/es\/wp-json\/wp\/v2\/product_brand?post=1831"},{"taxonomy":"product_cat","embeddable":true,"href":"https:\/\/www.intacol.pt\/es\/wp-json\/wp\/v2\/product_cat?post=1831"},{"taxonomy":"product_tag","embeddable":true,"href":"https:\/\/www.intacol.pt\/es\/wp-json\/wp\/v2\/product_tag?post=1831"}],"curies":[{"name":"gracias","href":"https:\/\/api.w.org\/{rel}","templated":true}]}}