
{"id":3730,"date":"2024-10-15T09:58:46","date_gmt":"2024-10-15T09:58:46","guid":{"rendered":"https:\/\/www.intacol.pt\/?post_type=product&#038;p=3730"},"modified":"2025-09-24T07:41:59","modified_gmt":"2025-09-24T07:41:59","slug":"equi-haylage","status":"publish","type":"product","link":"https:\/\/www.intacol.pt\/es\/produto\/equi-haylage\/","title":{"rendered":"EQUI HAYLAGE"},"content":{"rendered":"<h3><strong>Elaborado con una selecci\u00f3n de raigr\u00e1s cultivado en Kildare, Irlanda. El raigr\u00e1s se corta en las mejores condiciones, se empaca, se envasa y se sella inmediatamente para conservar al m\u00e1ximo su valor nutricional.<br \/>\n<\/strong><\/h3>\n<div>\u2022 Forraje libre de polvo, ideal para mantener saludable el sistema respiratorio del caballo.<br \/>\n\u2022 Producci\u00f3n estrictamente controlada para garantizar una calidad constante.<br \/>\n\u2022 Alto valor nutricional, lo que lo convierte en un excelente aliado en la dieta del caballo.<br \/>\n\u2022 F\u00e1cil y pr\u00e1ctico de guardar.<\/div>","protected":false},"excerpt":{"rendered":"<p>Elaborado 100% a partir de raigr\u00e1s seleccionado cultivado en Irlanda.<\/p>","protected":false},"featured_media":3743,"comment_status":"open","ping_status":"closed","template":"","meta":{"_et_pb_use_builder":"","_et_pb_old_content":"","_et_gb_content_width":""},"product_brand":[],"product_cat":[154,34],"product_tag":[127,116,68,71],"class_list":{"0":"post-3730","1":"product","2":"type-product","3":"status-publish","4":"has-post-thumbnail","6":"product_cat-fibras","7":"product_cat-produtos","8":"product_tag-baixo-em-amido-e-acucares","9":"product_tag-fontes-de-fibra","10":"product_tag-trabalho-ligeiro-lazer","11":"product_tag-trabalho-moderado-intenso","13":"first","14":"instock","15":"shipping-taxable","16":"product-type-simple"},"acf":[],"_links":{"self":[{"href":"https:\/\/www.intacol.pt\/es\/wp-json\/wp\/v2\/product\/3730","targetHints":{"allow":["GET"]}}],"collection":[{"href":"https:\/\/www.intacol.pt\/es\/wp-json\/wp\/v2\/product"}],"about":[{"href":"https:\/\/www.intacol.pt\/es\/wp-json\/wp\/v2\/types\/product"}],"replies":[{"embeddable":true,"href":"https:\/\/www.intacol.pt\/es\/wp-json\/wp\/v2\/comments?post=3730"}],"wp:featuredmedia":[{"embeddable":true,"href":"https:\/\/www.intacol.pt\/es\/wp-json\/wp\/v2\/media\/3743"}],"wp:attachment":[{"href":"https:\/\/www.intacol.pt\/es\/wp-json\/wp\/v2\/media?parent=3730"}],"wp:term":[{"taxonomy":"product_brand","embeddable":true,"href":"https:\/\/www.intacol.pt\/es\/wp-json\/wp\/v2\/product_brand?post=3730"},{"taxonomy":"product_cat","embeddable":true,"href":"https:\/\/www.intacol.pt\/es\/wp-json\/wp\/v2\/product_cat?post=3730"},{"taxonomy":"product_tag","embeddable":true,"href":"https:\/\/www.intacol.pt\/es\/wp-json\/wp\/v2\/product_tag?post=3730"}],"curies":[{"name":"gracias","href":"https:\/\/api.w.org\/{rel}","templated":true}]}}