
{"id":110,"date":"2021-10-15T12:12:31","date_gmt":"2021-10-15T12:12:31","guid":{"rendered":"http:\/\/intacol.pt\/?page_id=110"},"modified":"2024-06-06T13:49:40","modified_gmt":"2024-06-06T13:49:40","slug":"110-2","status":"publish","type":"page","link":"https:\/\/www.intacol.pt\/fr\/110-2\/","title":{"rendered":"Accueil2"},"content":{"rendered":"<p>[et_pb_section fb_built=&#8221;1&#8243; fullwidth=&#8221;on&#8221; _builder_version=&#8221;4.11.2&#8243; _module_preset=&#8221;default&#8221; positioning=&#8221;fixed&#8221; global_colors_info=&#8221;{}&#8221;][et_pb_fullwidth_slider show_arrows=&#8221;off&#8221; _builder_version=&#8221;4.11.2&#8243; _module_preset=&#8221;default&#8221; height=&#8221;100vh&#8221; auto=&#8221;on&#8221; global_colors_info=&#8221;{}&#8221;][et_pb_slide _builder_version=&#8221;4.11.2&#8243; _module_preset=&#8221;default&#8221; background_enable_color=&#8221;off&#8221; background_image=&#8221;https:\/\/www.intacol.pt\/wp-content\/uploads\/2021\/10\/01_Landing.jpg&#8221; background_enable_image=&#8221;on&#8221; global_colors_info=&#8221;{}&#8221; sticky_transition=&#8221;on&#8221;][\/et_pb_slide][et_pb_slide _builder_version=&#8221;4.11.2&#8243; _module_preset=&#8221;default&#8221; background_enable_color=&#8221;off&#8221; background_image=&#8221;https:\/\/www.intacol.pt\/wp-content\/uploads\/2021\/10\/02_landing.jpg&#8221; background_enable_image=&#8221;on&#8221; global_colors_info=&#8221;{}&#8221; sticky_transition=&#8221;on&#8221;][\/et_pb_slide][et_pb_slide _builder_version=&#8221;4.11.2&#8243; _module_preset=&#8221;default&#8221; background_enable_color=&#8221;off&#8221; background_image=&#8221;https:\/\/www.intacol.pt\/wp-content\/uploads\/2021\/10\/03_landing.jpg&#8221; background_enable_image=&#8221;on&#8221; global_colors_info=&#8221;{}&#8221; sticky_transition=&#8221;on&#8221;][\/et_pb_slide][\/et_pb_fullwidth_slider][\/et_pb_section][et_pb_section fb_built=&#8221;1&#8243; _builder_version=&#8221;4.11.2&#8243; _module_preset=&#8221;default&#8221; background_color=&#8221;rgba(0,0,0,0)&#8221; background_enable_image=&#8221;off&#8221; global_colors_info=&#8221;{}&#8221;][et_pb_row column_structure=&#8221;1_2,1_2&#8243; use_custom_gutter=&#8221;on&#8221; make_equal=&#8221;on&#8221; _builder_version=&#8221;4.12.1&#8243; _module_preset=&#8221;default&#8221; global_colors_info=&#8221;{}&#8221;][et_pb_column type=&#8221;1_2&#8243; _builder_version=&#8221;4.11.2&#8243; _module_preset=&#8221;default&#8221; global_colors_info=&#8221;{}&#8221;][et_pb_text _builder_version=&#8221;4.12.1&#8243; _module_preset=&#8221;default&#8221; text_font=&#8221;||||||||&#8221; text_text_color=&#8221;#FFFFFF&#8221; header_font=&#8221;Neutra2Display-Titling||||||||&#8221; header_text_color=&#8221;#FFFFFF&#8221; header_line_height=&#8221;1.5em&#8221; custom_padding=&#8221;||||false|false&#8221; global_colors_info=&#8221;{}&#8221;]<\/p>\n<h1>O seu cavalo, a nossa paix\u00e3o<\/h1>\n<p>Verdadeiros parceiros estrat\u00e9gicos para todos os que est\u00e3o ligados ao mundo dos cavalos.<\/p>\n<p>[\/et_pb_text][\/et_pb_column][et_pb_column type=&#8221;1_2&#8243; _builder_version=&#8221;4.12.1&#8243; _module_preset=&#8221;default&#8221; positioning=&#8221;none&#8221; vertical_offset=&#8221;370px&#8221; vertical_offset_tablet=&#8221;0px&#8221; vertical_offset_phone=&#8221;&#8221; vertical_offset_last_edited=&#8221;on|desktop&#8221; global_colors_info=&#8221;{}&#8221;][et_pb_text admin_label=&#8221;DESCUBRA O ALIMENTO CERTO&#8221; _builder_version=&#8221;4.12.1&#8243; _module_preset=&#8221;default&#8221; text_font=&#8221;||||||||&#8221; text_text_color=&#8221;#FFFFFF&#8221; header_font=&#8221;Neutra2Display-Titling||||||||&#8221; header_text_color=&#8221;#FFFFFF&#8221; header_line_height=&#8221;1.5em&#8221; custom_padding=&#8221;||||false|false&#8221; global_colors_info=&#8221;{}&#8221;]<\/p>\n<h1>DESCUBRA O ALIMENTO CERTO<\/h1>\n<p>Poldros, \u00e9guas, cavalos em trabalho ou s\u00e9niores, todos merecem um alimento especificamente formulado para atender as suas necessidades nutricionais.<\/p>\n<p>[\/et_pb_text][et_pb_button button_url=&#8221;\/categoria-produto\/produtos\/&#8221; button_text=&#8221;Saber Mais&#8221; button_alignment=&#8221;left&#8221; _builder_version=&#8221;4.12.1&#8243; _module_preset=&#8221;default&#8221; custom_button=&#8221;on&#8221; button_text_size=&#8221;12px&#8221; button_border_width=&#8221;1px&#8221; button_border_radius=&#8221;0px&#8221; button_font=&#8221;Neutra2Display-Titling||||||||&#8221; background_layout=&#8221;dark&#8221; global_colors_info=&#8221;{}&#8221;][\/et_pb_button][et_pb_text admin_label=&#8221;PERGUNTAS FREQUENTES&#8221; _builder_version=&#8221;4.12.1&#8243; _module_preset=&#8221;default&#8221; text_font=&#8221;||||||||&#8221; text_text_color=&#8221;#FFFFFF&#8221; header_font=&#8221;Neutra2Display-Titling||||||||&#8221; header_text_color=&#8221;#FFFFFF&#8221; header_line_height=&#8221;1.5em&#8221; custom_padding=&#8221;||||false|false&#8221; global_colors_info=&#8221;{}&#8221;]<\/p>\n<h1>PERGUNTAS FREQUENTES<\/h1>\n<p>Procura respostas para as suas perguntas mais complicadas sobre nutri\u00e7\u00e3o equina?<\/p>\n<p>[\/et_pb_text][et_pb_button button_url=&#8221;\/perguntas-frequentes\/&#8221; button_text=&#8221;Saber Mais&#8221; button_alignment=&#8221;left&#8221; _builder_version=&#8221;4.12.1&#8243; _module_preset=&#8221;default&#8221; custom_button=&#8221;on&#8221; button_text_size=&#8221;12px&#8221; button_border_width=&#8221;1px&#8221; button_border_radius=&#8221;0px&#8221; button_font=&#8221;Neutra2Display-Titling||||||||&#8221; background_layout=&#8221;dark&#8221; global_colors_info=&#8221;{}&#8221;][\/et_pb_button][\/et_pb_column][\/et_pb_row][\/et_pb_section]<\/p>\n","protected":false},"excerpt":{"rendered":"<p>Votre cheval, notre passion De v\u00e9ritables partenaires strat\u00e9giques pour tous les acteurs du monde \u00e9quin.D\u00c9COUVREZ LA BONNE ALIMENTATION Poulains, juments, chevaux de travail ou seniors, ils m\u00e9ritent tous une alimentation sp\u00e9cifiquement formul\u00e9e pour r\u00e9pondre \u00e0 leurs besoins nutritionnels.QUESTIONS FR\u00c9QUEMMENT POS\u00c9ES Vous cherchez des r\u00e9ponses \u00e0 vos questions les plus complexes sur la nutrition \u00e9quine ?<\/p>","protected":false},"author":1,"featured_media":0,"parent":0,"menu_order":0,"comment_status":"closed","ping_status":"closed","template":"","meta":{"_et_pb_use_builder":"on","_et_pb_old_content":"","_et_gb_content_width":"","footnotes":""},"class_list":["post-110","page","type-page","status-publish","hentry"],"acf":[],"_links":{"self":[{"href":"https:\/\/www.intacol.pt\/fr\/wp-json\/wp\/v2\/pages\/110","targetHints":{"allow":["GET"]}}],"collection":[{"href":"https:\/\/www.intacol.pt\/fr\/wp-json\/wp\/v2\/pages"}],"about":[{"href":"https:\/\/www.intacol.pt\/fr\/wp-json\/wp\/v2\/types\/page"}],"author":[{"embeddable":true,"href":"https:\/\/www.intacol.pt\/fr\/wp-json\/wp\/v2\/users\/1"}],"replies":[{"embeddable":true,"href":"https:\/\/www.intacol.pt\/fr\/wp-json\/wp\/v2\/comments?post=110"}],"version-history":[{"count":31,"href":"https:\/\/www.intacol.pt\/fr\/wp-json\/wp\/v2\/pages\/110\/revisions"}],"predecessor-version":[{"id":3496,"href":"https:\/\/www.intacol.pt\/fr\/wp-json\/wp\/v2\/pages\/110\/revisions\/3496"}],"wp:attachment":[{"href":"https:\/\/www.intacol.pt\/fr\/wp-json\/wp\/v2\/media?parent=110"}],"curies":[{"name":"wp","href":"https:\/\/api.w.org\/{rel}","templated":true}]}}