
{"id":432,"date":"2021-10-20T14:00:13","date_gmt":"2021-10-20T14:00:13","guid":{"rendered":"http:\/\/intacol.pt\/?page_id=432"},"modified":"2024-05-09T11:40:11","modified_gmt":"2024-05-09T11:40:11","slug":"alimentar-e-suplementar-correctamente","status":"publish","type":"page","link":"https:\/\/www.intacol.pt\/fr\/nourrir-et-completer-correctement\/","title":{"rendered":"Alimentez et compl\u00e9tez correctement"},"content":{"rendered":"<p>[et_pb_section fb_built=&#8221;1&#8243; _builder_version=&#8221;4.11.3&#8243; _module_preset=&#8221;default&#8221; global_colors_info=&#8221;{}&#8221;][et_pb_row _builder_version=&#8221;4.11.3&#8243; _module_preset=&#8221;default&#8221; custom_padding=&#8221;||0px||false|false&#8221; global_colors_info=&#8221;{}&#8221;][et_pb_column type=&#8221;4_4&#8243; _builder_version=&#8221;4.11.3&#8243; _module_preset=&#8221;default&#8221; global_colors_info=&#8221;{}&#8221;][et_pb_post_title meta=&#8221;off&#8221; featured_image=&#8221;off&#8221; _builder_version=&#8221;4.11.3&#8243; _module_preset=&#8221;default&#8221; title_font=&#8221;Neutra2Display-Titling||||||||&#8221; title_text_color=&#8221;#e08738&#8243; custom_margin=&#8221;||0px||false|false&#8221; custom_padding=&#8221;||||false|false&#8221; global_colors_info=&#8221;{}&#8221;][\/et_pb_post_title][et_pb_text admin_label=&#8221;Categorias&#8221; _builder_version=&#8221;4.12.1&#8243; _module_preset=&#8221;default&#8221; custom_margin=&#8221;40px||||false|false&#8221; global_colors_info=&#8221;{}&#8221;]<\/p>\n<div class=\"et_pb_module et_pb_blog_categorias et_pb_blog_grid_wrapper et_pb_bg_layout_light\">\n\t\t<div class=\"et_pb_blog_grid clearfix \">\n\t\t\t<div class=\"et_pb_ajax_pagination_container\">\n\t\t\t\t<div class=\"et_pb_salvattore_content\" data-columns=\"3\"><article id=\"cat-1\" class=\"et_pb_post clearfix et_pb_blog_item_0_0 format-standard has-post-thumbnail hentry\"><div class=\"et_pb_image_container\">\n\t\t\t<a href=\"https:\/\/www.intacol.pt\/fr\/categories\/sport-de-modalite\/\" class=\"entry-featured-image-url\">\n\t\t\t<img decoding=\"async\" data-src=\"https:\/\/www.intacol.pt\/wp-content\/uploads\/2022\/04\/ManeioAlimentar.jpg\" alt=\"\" data-srcset=\"https:\/\/www.intacol.pt\/wp-content\/uploads\/2022\/04\/ManeioAlimentar.jpg 479w, https:\/\/www.intacol.pt\/wp-content\/uploads\/2022\/04\/ManeioAlimentar.jpg 480w\" data-sizes=\"(max-width:479px) 479px, 100vw\" width=\"400\" height=\"250\" src=\"data:image\/svg+xml;base64,PHN2ZyB3aWR0aD0iMSIgaGVpZ2h0PSIxIiB4bWxucz0iaHR0cDovL3d3dy53My5vcmcvMjAwMC9zdmciPjwvc3ZnPg==\" class=\"lazyload\" style=\"--smush-placeholder-width: 400px; --smush-placeholder-aspect-ratio: 400\/250;\"><\/a><\/div><h2 class=\"entry-title\">\n\t\t\t\t<a href=\"https:\/\/www.intacol.pt\/fr\/categories\/sport-de-modalite\/\">Maneio Alimentar<\/a>\n\t\t\t<\/h2><div class=\"post-content\">\n\t\t\t\t<div class=\"post-content-inner\">Um correcto maneio alimentar \u00e9 fundamental para o bem-estar e sa\u00fade dos cavalos, em termos...<\/div><a href=\"https:\/\/www.intacol.pt\/fr\/categories\/sport-de-modalite\/\" class=\"more-link\">Ler mais<\/a><\/div><\/article><article id=\"cat-44\" class=\"et_pb_post clearfix et_pb_blog_item_0_0 format-standard has-post-thumbnail hentry\"><div class=\"et_pb_image_container\">\n\t\t\t<a href=\"https:\/\/www.intacol.pt\/fr\/categories\/reproduction-et-croissance\/\" class=\"entry-featured-image-url\">\n\t\t\t<img decoding=\"async\" data-src=\"https:\/\/www.intacol.pt\/wp-content\/uploads\/2022\/04\/ReproducaoCrescimento.jpg\" alt=\"\" data-srcset=\"https:\/\/www.intacol.pt\/wp-content\/uploads\/2022\/04\/ReproducaoCrescimento.jpg 479w, https:\/\/www.intacol.pt\/wp-content\/uploads\/2022\/04\/ReproducaoCrescimento.jpg 480w\" data-sizes=\"(max-width:479px) 479px, 100vw\" width=\"400\" height=\"250\" src=\"data:image\/svg+xml;base64,PHN2ZyB3aWR0aD0iMSIgaGVpZ2h0PSIxIiB4bWxucz0iaHR0cDovL3d3dy53My5vcmcvMjAwMC9zdmciPjwvc3ZnPg==\" class=\"lazyload\" style=\"--smush-placeholder-width: 400px; --smush-placeholder-aspect-ratio: 400\/250;\"><\/a><\/div><h2 class=\"entry-title\">\n\t\t\t\t<a href=\"https:\/\/www.intacol.pt\/fr\/categories\/reproduction-et-croissance\/\">Reprodu\u00e7\u00e3o e Crescimento<\/a>\n\t\t\t<\/h2><div class=\"post-content\">\n\t\t\t\t<div class=\"post-content-inner\">Garantir que as necessidades alimentares das \u00e9guas reprodutoras, garanh\u00f5es e poldros, est\u00e3o...<\/div><a href=\"https:\/\/www.intacol.pt\/fr\/categories\/reproduction-et-croissance\/\" class=\"more-link\">Ler mais<\/a><\/div><\/article><article id=\"cat-45\" class=\"et_pb_post clearfix et_pb_blog_item_0_0 format-standard has-post-thumbnail hentry\"><div class=\"et_pb_image_container\">\n\t\t\t<a href=\"https:\/\/www.intacol.pt\/fr\/categories\/etat-corporel\/\" class=\"entry-featured-image-url\">\n\t\t\t<img decoding=\"async\" data-src=\"https:\/\/www.intacol.pt\/wp-content\/uploads\/2022\/04\/CondicaoCorporal.jpg\" alt=\"\" data-srcset=\"https:\/\/www.intacol.pt\/wp-content\/uploads\/2022\/04\/CondicaoCorporal.jpg 479w, https:\/\/www.intacol.pt\/wp-content\/uploads\/2022\/04\/CondicaoCorporal.jpg 480w\" data-sizes=\"(max-width:479px) 479px, 100vw\" width=\"400\" height=\"250\" src=\"data:image\/svg+xml;base64,PHN2ZyB3aWR0aD0iMSIgaGVpZ2h0PSIxIiB4bWxucz0iaHR0cDovL3d3dy53My5vcmcvMjAwMC9zdmciPjwvc3ZnPg==\" class=\"lazyload\" style=\"--smush-placeholder-width: 400px; --smush-placeholder-aspect-ratio: 400\/250;\"><\/a><\/div><h2 class=\"entry-title\">\n\t\t\t\t<a href=\"https:\/\/www.intacol.pt\/fr\/categories\/etat-corporel\/\">Condi\u00e7\u00e3o Corporal<\/a>\n\t\t\t<\/h2><div class=\"post-content\">\n\t\t\t\t<div class=\"post-content-inner\">S\u00e3o v\u00e1rios os fatores que condicionam a condi\u00e7\u00e3o corporal dos cavalos, pelo que \u00e9 essencial...<\/div><a href=\"https:\/\/www.intacol.pt\/fr\/categories\/etat-corporel\/\" class=\"more-link\">Ler mais<\/a><\/div><\/article><article id=\"cat-46\" class=\"et_pb_post clearfix et_pb_blog_item_0_0 format-standard has-post-thumbnail hentry\"><div class=\"et_pb_image_container\">\n\t\t\t<a href=\"https:\/\/www.intacol.pt\/fr\/categories\/comportement\/\" class=\"entry-featured-image-url\">\n\t\t\t<img decoding=\"async\" data-src=\"https:\/\/www.intacol.pt\/wp-content\/uploads\/2022\/04\/PerformanceDesportiva.jpg\" alt=\"\" data-srcset=\"https:\/\/www.intacol.pt\/wp-content\/uploads\/2022\/04\/PerformanceDesportiva.jpg 479w, https:\/\/www.intacol.pt\/wp-content\/uploads\/2022\/04\/PerformanceDesportiva.jpg 480w\" data-sizes=\"(max-width:479px) 479px, 100vw\" width=\"400\" height=\"250\" src=\"data:image\/svg+xml;base64,PHN2ZyB3aWR0aD0iMSIgaGVpZ2h0PSIxIiB4bWxucz0iaHR0cDovL3d3dy53My5vcmcvMjAwMC9zdmciPjwvc3ZnPg==\" class=\"lazyload\" style=\"--smush-placeholder-width: 400px; --smush-placeholder-aspect-ratio: 400\/250;\"><\/a><\/div><h2 class=\"entry-title\">\n\t\t\t\t<a href=\"https:\/\/www.intacol.pt\/fr\/categories\/comportement\/\">Performance Desportiva<\/a>\n\t\t\t<\/h2><div class=\"post-content\">\n\t\t\t\t<div class=\"post-content-inner\">Um correcto e criterioso maneio alimentar \u00e9 essencial \u00e0 boa performance f\u00edsica, pelo que existem...<\/div><a href=\"https:\/\/www.intacol.pt\/fr\/categories\/comportement\/\" class=\"more-link\">Ler mais<\/a><\/div><\/article><article id=\"cat-47\" class=\"et_pb_post clearfix et_pb_blog_item_0_0 format-standard has-post-thumbnail hentry\"><div class=\"et_pb_image_container\">\n\t\t\t<a href=\"https:\/\/www.intacol.pt\/fr\/categories\/supplementation\/\" class=\"entry-featured-image-url\">\n\t\t\t<img decoding=\"async\" data-src=\"https:\/\/www.intacol.pt\/wp-content\/uploads\/2022\/04\/Suplementacao.jpg\" alt=\"\" data-srcset=\"https:\/\/www.intacol.pt\/wp-content\/uploads\/2022\/04\/Suplementacao.jpg 479w, https:\/\/www.intacol.pt\/wp-content\/uploads\/2022\/04\/Suplementacao.jpg 480w\" data-sizes=\"(max-width:479px) 479px, 100vw\" width=\"400\" height=\"250\" src=\"data:image\/svg+xml;base64,PHN2ZyB3aWR0aD0iMSIgaGVpZ2h0PSIxIiB4bWxucz0iaHR0cDovL3d3dy53My5vcmcvMjAwMC9zdmciPjwvc3ZnPg==\" class=\"lazyload\" style=\"--smush-placeholder-width: 400px; --smush-placeholder-aspect-ratio: 400\/250;\"><\/a><\/div><h2 class=\"entry-title\">\n\t\t\t\t<a href=\"https:\/\/www.intacol.pt\/fr\/categories\/supplementation\/\">Suplementa\u00e7\u00e3o<\/a>\n\t\t\t<\/h2><div class=\"post-content\">\n\t\t\t\t<div class=\"post-content-inner\">Por vezes, a forragem e o alimento concentrado podem n\u00e3o ser suficientes para garantir uma dieta...<\/div><a href=\"https:\/\/www.intacol.pt\/fr\/categories\/supplementation\/\" class=\"more-link\">Ler mais<\/a><\/div><\/article><article id=\"cat-48\" class=\"et_pb_post clearfix et_pb_blog_item_0_0 format-standard has-post-thumbnail hentry\"><div class=\"et_pb_image_container\">\n\t\t\t<a href=\"https:\/\/www.intacol.pt\/fr\/categories\/cas-cliniques\/\" class=\"entry-featured-image-url\">\n\t\t\t<img decoding=\"async\" data-src=\"https:\/\/www.intacol.pt\/wp-content\/uploads\/2022\/04\/ProbGastointestinais.jpg\" alt=\"\" data-srcset=\"https:\/\/www.intacol.pt\/wp-content\/uploads\/2022\/04\/ProbGastointestinais.jpg 479w, https:\/\/www.intacol.pt\/wp-content\/uploads\/2022\/04\/ProbGastointestinais.jpg 480w\" data-sizes=\"(max-width:479px) 479px, 100vw\" width=\"400\" height=\"250\" src=\"data:image\/svg+xml;base64,PHN2ZyB3aWR0aD0iMSIgaGVpZ2h0PSIxIiB4bWxucz0iaHR0cDovL3d3dy53My5vcmcvMjAwMC9zdmciPjwvc3ZnPg==\" class=\"lazyload\" style=\"--smush-placeholder-width: 400px; --smush-placeholder-aspect-ratio: 400\/250;\"><\/a><\/div><h2 class=\"entry-title\">\n\t\t\t\t<a href=\"https:\/\/www.intacol.pt\/fr\/categories\/cas-cliniques\/\">Problemas Gastrointestinais<\/a>\n\t\t\t<\/h2><div class=\"post-content\">\n\t\t\t\t<div class=\"post-content-inner\">Problemas gastrointestinais nos cavalos t\u00eam sido alvo de uma aten\u00e7\u00e3o crescente, devido \u00e0 sua...<\/div><a href=\"https:\/\/www.intacol.pt\/fr\/categories\/cas-cliniques\/\" class=\"more-link\">Ler mais<\/a><\/div><\/article><article id=\"cat-49\" class=\"et_pb_post clearfix et_pb_blog_item_0_0 format-standard has-post-thumbnail hentry\"><div class=\"et_pb_image_container\">\n\t\t\t<a href=\"https:\/\/www.intacol.pt\/fr\/categories\/chevaux-seniors\/\" class=\"entry-featured-image-url\">\n\t\t\t<img decoding=\"async\" data-src=\"https:\/\/www.intacol.pt\/wp-content\/uploads\/2022\/04\/CavaloSenior.jpg\" alt=\"\" data-srcset=\"https:\/\/www.intacol.pt\/wp-content\/uploads\/2022\/04\/CavaloSenior.jpg 479w, https:\/\/www.intacol.pt\/wp-content\/uploads\/2022\/04\/CavaloSenior.jpg 480w\" data-sizes=\"(max-width:479px) 479px, 100vw\" width=\"400\" height=\"250\" src=\"data:image\/svg+xml;base64,PHN2ZyB3aWR0aD0iMSIgaGVpZ2h0PSIxIiB4bWxucz0iaHR0cDovL3d3dy53My5vcmcvMjAwMC9zdmciPjwvc3ZnPg==\" class=\"lazyload\" style=\"--smush-placeholder-width: 400px; --smush-placeholder-aspect-ratio: 400\/250;\"><\/a><\/div><h2 class=\"entry-title\">\n\t\t\t\t<a href=\"https:\/\/www.intacol.pt\/fr\/categories\/chevaux-seniors\/\">Cavalo S\u00e9nior<\/a>\n\t\t\t<\/h2><div class=\"post-content\">\n\t\t\t\t<div class=\"post-content-inner\">Cavalos s\u00e9niores apresentam uma diminui\u00e7\u00e3o da efici\u00eancia digestiva, sendo por vezes desafiante...<\/div><a href=\"https:\/\/www.intacol.pt\/fr\/categories\/chevaux-seniors\/\" class=\"more-link\">Ler mais<\/a><\/div><\/article><article id=\"cat-119\" class=\"et_pb_post clearfix et_pb_blog_item_0_0 format-standard has-post-thumbnail hentry\"><div class=\"et_pb_image_container\">\n\t\t\t<a href=\"https:\/\/www.intacol.pt\/fr\/categories\/les-autres\/\" class=\"entry-featured-image-url\">\n\t\t\t<img decoding=\"async\" data-src=\"https:\/\/www.intacol.pt\/wp-content\/uploads\/2022\/04\/Outros.jpg\" alt=\"\" data-srcset=\"https:\/\/www.intacol.pt\/wp-content\/uploads\/2022\/04\/Outros.jpg 479w, https:\/\/www.intacol.pt\/wp-content\/uploads\/2022\/04\/Outros.jpg 480w\" data-sizes=\"(max-width:479px) 479px, 100vw\" width=\"400\" height=\"250\" src=\"data:image\/svg+xml;base64,PHN2ZyB3aWR0aD0iMSIgaGVpZ2h0PSIxIiB4bWxucz0iaHR0cDovL3d3dy53My5vcmcvMjAwMC9zdmciPjwvc3ZnPg==\" class=\"lazyload\" style=\"--smush-placeholder-width: 400px; --smush-placeholder-aspect-ratio: 400\/250;\"><\/a><\/div><h2 class=\"entry-title\">\n\t\t\t\t<a href=\"https:\/\/www.intacol.pt\/fr\/categories\/les-autres\/\">Outros<\/a>\n\t\t\t<\/h2><div class=\"post-content\">\n\t\t\t\t<div class=\"post-content-inner\">Saiba mais sobre alergias alimentares em cavalos, refor\u00e7o do sistema imunit\u00e1rio, e muitos outros...<\/div><a href=\"https:\/\/www.intacol.pt\/fr\/categories\/les-autres\/\" class=\"more-link\">Ler mais<\/a><\/div><\/article><\/div>\n\t\t\t\t<\/div>\n\t\t\t<\/div> \n\t\t<\/div>\n<p>[\/et_pb_text][et_pb_blog fullwidth=&#8221;off&#8221; posts_number=&#8221;1&#8243; excerpt_length=&#8221;120&#8243; show_more=&#8221;on&#8221; show_author=&#8221;off&#8221; show_date=&#8221;off&#8221; show_categories=&#8221;off&#8221; show_pagination=&#8221;off&#8221; disabled_on=&#8221;on|on|on&#8221; _builder_version=&#8221;4.12.1&#8243; _module_preset=&#8221;default&#8221; border_color_all=&#8221;#E02B20&#8243; disabled=&#8221;on&#8221; global_colors_info=&#8221;{}&#8221;][\/et_pb_blog][\/et_pb_column][\/et_pb_row][\/et_pb_section]<\/p>\n","protected":false},"excerpt":{"rendered":"<div class=\"et_pb_module et_pb_blog_categorias et_pb_blog_grid_wrapper et_pb_bg_layout_light\">\n\t\t<div class=\"et_pb_blog_grid clearfix\">\n\t\t\t<div class=\"et_pb_ajax_pagination_container\">\n\t\t\t\t<div class=\"et_pb_salvattore_content\" data-columns=\"3\"><article id=\"cat-1\" class=\"et_pb_post clearfix et_pb_blog_item_0_0 format-standard has-post-thumbnail hentry\"><div class=\"et_pb_image_container\">\n\t\t\t<a href=\"https:\/\/www.intacol.pt\/fr\/categories\/sport-de-modalite\/\" class=\"entry-featured-image-url\">\n\t\t\t<img decoding=\"async\" data-src=\"https:\/\/www.intacol.pt\/wp-content\/uploads\/2022\/04\/ManeioAlimentar.jpg\" alt=\"\" data-srcset=\"https:\/\/www.intacol.pt\/wp-content\/uploads\/2022\/04\/ManeioAlimentar.jpg 479w, https:\/\/www.intacol.pt\/wp-content\/uploads\/2022\/04\/ManeioAlimentar.jpg 480w\" data-sizes=\"(max-width:479px) 479px, 100vw\" width=\"400\" height=\"250\" src=\"data:image\/svg+xml;base64,PHN2ZyB3aWR0aD0iMSIgaGVpZ2h0PSIxIiB4bWxucz0iaHR0cDovL3d3dy53My5vcmcvMjAwMC9zdmciPjwvc3ZnPg==\" class=\"lazyload\" style=\"--smush-placeholder-width: 400px; --smush-placeholder-aspect-ratio: 400\/250;\"><\/a><\/div><h2 class=\"entry-title\">\n\t\t\t\t<a href=\"https:\/\/www.intacol.pt\/fr\/categories\/sport-de-modalite\/\">Gestion des aliments<\/a>\n\t\t\t<\/h2><div class=\"post-content\">\n\t\t\t\t<div class=\"post-content-inner\">Une alimentation correcte est essentielle au bien-\u00eatre et \u00e0 la sant\u00e9 des chevaux, en termes...<\/div><a href=\"https:\/\/www.intacol.pt\/fr\/categories\/sport-de-modalite\/\" class=\"more-link\">Lire la suite<\/a><\/div><\/article><article id=\"cat-44\" class=\"et_pb_post clearfix et_pb_blog_item_0_0 format-standard has-post-thumbnail hentry\"><div class=\"et_pb_image_container\">\n\t\t\t<a href=\"https:\/\/www.intacol.pt\/fr\/categories\/reproduction-et-croissance\/\" class=\"entry-featured-image-url\">\n\t\t\t<img decoding=\"async\" data-src=\"https:\/\/www.intacol.pt\/wp-content\/uploads\/2022\/04\/ReproducaoCrescimento.jpg\" alt=\"\" data-srcset=\"https:\/\/www.intacol.pt\/wp-content\/uploads\/2022\/04\/ReproducaoCrescimento.jpg 479w, https:\/\/www.intacol.pt\/wp-content\/uploads\/2022\/04\/ReproducaoCrescimento.jpg 480w\" data-sizes=\"(max-width:479px) 479px, 100vw\" width=\"400\" height=\"250\" src=\"data:image\/svg+xml;base64,PHN2ZyB3aWR0aD0iMSIgaGVpZ2h0PSIxIiB4bWxucz0iaHR0cDovL3d3dy53My5vcmcvMjAwMC9zdmciPjwvc3ZnPg==\" class=\"lazyload\" style=\"--smush-placeholder-width: 400px; --smush-placeholder-aspect-ratio: 400\/250;\"><\/a><\/div><h2 class=\"entry-title\">\n\t\t\t\t<a href=\"https:\/\/www.intacol.pt\/fr\/categories\/reproduction-et-croissance\/\">Reproduction et croissance<\/a>\n\t\t\t<\/h2><div class=\"post-content\">\n\t\t\t\t<div class=\"post-content-inner\">Assurer que les besoins nutritionnels des juments reproductrices, des \u00e9talons et des poulains sont satisfaits...<\/div><a href=\"https:\/\/www.intacol.pt\/fr\/categories\/reproduction-et-croissance\/\" class=\"more-link\">Lire la suite<\/a><\/div><\/article><article id=\"cat-45\" class=\"et_pb_post clearfix et_pb_blog_item_0_0 format-standard has-post-thumbnail hentry\"><div class=\"et_pb_image_container\">\n\t\t\t<a href=\"https:\/\/www.intacol.pt\/fr\/categories\/etat-corporel\/\" class=\"entry-featured-image-url\">\n\t\t\t<img decoding=\"async\" data-src=\"https:\/\/www.intacol.pt\/wp-content\/uploads\/2022\/04\/CondicaoCorporal.jpg\" alt=\"\" data-srcset=\"https:\/\/www.intacol.pt\/wp-content\/uploads\/2022\/04\/CondicaoCorporal.jpg 479w, https:\/\/www.intacol.pt\/wp-content\/uploads\/2022\/04\/CondicaoCorporal.jpg 480w\" data-sizes=\"(max-width:479px) 479px, 100vw\" width=\"400\" height=\"250\" src=\"data:image\/svg+xml;base64,PHN2ZyB3aWR0aD0iMSIgaGVpZ2h0PSIxIiB4bWxucz0iaHR0cDovL3d3dy53My5vcmcvMjAwMC9zdmciPjwvc3ZnPg==\" class=\"lazyload\" style=\"--smush-placeholder-width: 400px; --smush-placeholder-aspect-ratio: 400\/250;\"><\/a><\/div><h2 class=\"entry-title\">\n\t\t\t\t<a href=\"https:\/\/www.intacol.pt\/fr\/categories\/etat-corporel\/\">\u00c9tat corporel<\/a>\n\t\t\t<\/h2><div class=\"post-content\">\n\t\t\t\t<div class=\"post-content-inner\">Plusieurs facteurs influencent l\u2019\u00e9tat corporel des chevaux, il est donc essentiel...<\/div><a href=\"https:\/\/www.intacol.pt\/fr\/categories\/etat-corporel\/\" class=\"more-link\">Lire la suite<\/a><\/div><\/article><article id=\"cat-46\" class=\"et_pb_post clearfix et_pb_blog_item_0_0 format-standard has-post-thumbnail hentry\"><div class=\"et_pb_image_container\">\n\t\t\t<a href=\"https:\/\/www.intacol.pt\/fr\/categories\/comportement\/\" class=\"entry-featured-image-url\">\n\t\t\t<img decoding=\"async\" data-src=\"https:\/\/www.intacol.pt\/wp-content\/uploads\/2022\/04\/PerformanceDesportiva.jpg\" alt=\"\" data-srcset=\"https:\/\/www.intacol.pt\/wp-content\/uploads\/2022\/04\/PerformanceDesportiva.jpg 479w, https:\/\/www.intacol.pt\/wp-content\/uploads\/2022\/04\/PerformanceDesportiva.jpg 480w\" data-sizes=\"(max-width:479px) 479px, 100vw\" width=\"400\" height=\"250\" src=\"data:image\/svg+xml;base64,PHN2ZyB3aWR0aD0iMSIgaGVpZ2h0PSIxIiB4bWxucz0iaHR0cDovL3d3dy53My5vcmcvMjAwMC9zdmciPjwvc3ZnPg==\" class=\"lazyload\" style=\"--smush-placeholder-width: 400px; --smush-placeholder-aspect-ratio: 400\/250;\"><\/a><\/div><h2 class=\"entry-title\">\n\t\t\t\t<a href=\"https:\/\/www.intacol.pt\/fr\/categories\/comportement\/\">performances sportives<\/a>\n\t\t\t<\/h2><div class=\"post-content\">\n\t\t\t\t<div class=\"post-content-inner\">Une gestion di\u00e9t\u00e9tique correcte et prudente est essentielle pour une bonne performance physique, c&#039;est pourquoi il existe...<\/div><a href=\"https:\/\/www.intacol.pt\/fr\/categories\/comportement\/\" class=\"more-link\">Lire la suite<\/a><\/div><\/article><article id=\"cat-47\" class=\"et_pb_post clearfix et_pb_blog_item_0_0 format-standard has-post-thumbnail hentry\"><div class=\"et_pb_image_container\">\n\t\t\t<a href=\"https:\/\/www.intacol.pt\/fr\/categories\/supplementation\/\" class=\"entry-featured-image-url\">\n\t\t\t<img decoding=\"async\" data-src=\"https:\/\/www.intacol.pt\/wp-content\/uploads\/2022\/04\/Suplementacao.jpg\" alt=\"\" data-srcset=\"https:\/\/www.intacol.pt\/wp-content\/uploads\/2022\/04\/Suplementacao.jpg 479w, https:\/\/www.intacol.pt\/wp-content\/uploads\/2022\/04\/Suplementacao.jpg 480w\" data-sizes=\"(max-width:479px) 479px, 100vw\" width=\"400\" height=\"250\" src=\"data:image\/svg+xml;base64,PHN2ZyB3aWR0aD0iMSIgaGVpZ2h0PSIxIiB4bWxucz0iaHR0cDovL3d3dy53My5vcmcvMjAwMC9zdmciPjwvc3ZnPg==\" class=\"lazyload\" style=\"--smush-placeholder-width: 400px; --smush-placeholder-aspect-ratio: 400\/250;\"><\/a><\/div><h2 class=\"entry-title\">\n\t\t\t\t<a href=\"https:\/\/www.intacol.pt\/fr\/categories\/supplementation\/\">Suppl\u00e9mentation<\/a>\n\t\t\t<\/h2><div class=\"post-content\">\n\t\t\t\t<div class=\"post-content-inner\">Parfois, le fourrage et les aliments concentr\u00e9s ne suffisent pas \u00e0 garantir une alimentation saine...<\/div><a href=\"https:\/\/www.intacol.pt\/fr\/categories\/supplementation\/\" class=\"more-link\">Lire la suite<\/a><\/div><\/article><article id=\"cat-48\" class=\"et_pb_post clearfix et_pb_blog_item_0_0 format-standard has-post-thumbnail hentry\"><div class=\"et_pb_image_container\">\n\t\t\t<a href=\"https:\/\/www.intacol.pt\/fr\/categories\/cas-cliniques\/\" class=\"entry-featured-image-url\">\n\t\t\t<img decoding=\"async\" data-src=\"https:\/\/www.intacol.pt\/wp-content\/uploads\/2022\/04\/ProbGastointestinais.jpg\" alt=\"\" data-srcset=\"https:\/\/www.intacol.pt\/wp-content\/uploads\/2022\/04\/ProbGastointestinais.jpg 479w, https:\/\/www.intacol.pt\/wp-content\/uploads\/2022\/04\/ProbGastointestinais.jpg 480w\" data-sizes=\"(max-width:479px) 479px, 100vw\" width=\"400\" height=\"250\" src=\"data:image\/svg+xml;base64,PHN2ZyB3aWR0aD0iMSIgaGVpZ2h0PSIxIiB4bWxucz0iaHR0cDovL3d3dy53My5vcmcvMjAwMC9zdmciPjwvc3ZnPg==\" class=\"lazyload\" style=\"--smush-placeholder-width: 400px; --smush-placeholder-aspect-ratio: 400\/250;\"><\/a><\/div><h2 class=\"entry-title\">\n\t\t\t\t<a href=\"https:\/\/www.intacol.pt\/fr\/categories\/cas-cliniques\/\">Probl\u00e8mes gastro-intestinaux<\/a>\n\t\t\t<\/h2><div class=\"post-content\">\n\t\t\t\t<div class=\"post-content-inner\">Les probl\u00e8mes gastro-intestinaux chez les chevaux font l&#039;objet d&#039;une attention croissante en raison de leur...<\/div><a href=\"https:\/\/www.intacol.pt\/fr\/categories\/cas-cliniques\/\" class=\"more-link\">Lire la suite<\/a><\/div><\/article><article id=\"cat-49\" class=\"et_pb_post clearfix et_pb_blog_item_0_0 format-standard has-post-thumbnail hentry\"><div class=\"et_pb_image_container\">\n\t\t\t<a href=\"https:\/\/www.intacol.pt\/fr\/categories\/chevaux-seniors\/\" class=\"entry-featured-image-url\">\n\t\t\t<img decoding=\"async\" data-src=\"https:\/\/www.intacol.pt\/wp-content\/uploads\/2022\/04\/CavaloSenior.jpg\" alt=\"\" data-srcset=\"https:\/\/www.intacol.pt\/wp-content\/uploads\/2022\/04\/CavaloSenior.jpg 479w, https:\/\/www.intacol.pt\/wp-content\/uploads\/2022\/04\/CavaloSenior.jpg 480w\" data-sizes=\"(max-width:479px) 479px, 100vw\" width=\"400\" height=\"250\" src=\"data:image\/svg+xml;base64,PHN2ZyB3aWR0aD0iMSIgaGVpZ2h0PSIxIiB4bWxucz0iaHR0cDovL3d3dy53My5vcmcvMjAwMC9zdmciPjwvc3ZnPg==\" class=\"lazyload\" style=\"--smush-placeholder-width: 400px; --smush-placeholder-aspect-ratio: 400\/250;\"><\/a><\/div><h2 class=\"entry-title\">\n\t\t\t\t<a href=\"https:\/\/www.intacol.pt\/fr\/categories\/chevaux-seniors\/\">Cheval senior<\/a>\n\t\t\t<\/h2><div class=\"post-content\">\n\t\t\t\t<div class=\"post-content-inner\">Les chevaux \u00e2g\u00e9s ont une efficacit\u00e9 digestive diminu\u00e9e, ce qui peut parfois \u00eatre difficile...<\/div><a href=\"https:\/\/www.intacol.pt\/fr\/categories\/chevaux-seniors\/\" class=\"more-link\">Lire la suite<\/a><\/div><\/article><article id=\"cat-119\" class=\"et_pb_post clearfix et_pb_blog_item_0_0 format-standard has-post-thumbnail hentry\"><div class=\"et_pb_image_container\">\n\t\t\t<a href=\"https:\/\/www.intacol.pt\/fr\/categories\/les-autres\/\" class=\"entry-featured-image-url\">\n\t\t\t<img decoding=\"async\" data-src=\"https:\/\/www.intacol.pt\/wp-content\/uploads\/2022\/04\/Outros.jpg\" alt=\"\" data-srcset=\"https:\/\/www.intacol.pt\/wp-content\/uploads\/2022\/04\/Outros.jpg 479w, https:\/\/www.intacol.pt\/wp-content\/uploads\/2022\/04\/Outros.jpg 480w\" data-sizes=\"(max-width:479px) 479px, 100vw\" width=\"400\" height=\"250\" src=\"data:image\/svg+xml;base64,PHN2ZyB3aWR0aD0iMSIgaGVpZ2h0PSIxIiB4bWxucz0iaHR0cDovL3d3dy53My5vcmcvMjAwMC9zdmciPjwvc3ZnPg==\" class=\"lazyload\" style=\"--smush-placeholder-width: 400px; --smush-placeholder-aspect-ratio: 400\/250;\"><\/a><\/div><h2 class=\"entry-title\">\n\t\t\t\t<a href=\"https:\/\/www.intacol.pt\/fr\/categories\/les-autres\/\">Les autres<\/a>\n\t\t\t<\/h2><div class=\"post-content\">\n\t\t\t\t<div class=\"post-content-inner\">Apprenez-en davantage sur les allergies alimentaires chez les chevaux, le renforcement du syst\u00e8me immunitaire et bien plus encore...<\/div><a href=\"https:\/\/www.intacol.pt\/fr\/categories\/les-autres\/\" class=\"more-link\">Lire la suite<\/a><\/div><\/article><\/div>\n\t\t\t\t<\/div>\n\t\t\t<\/div> \n\t\t<\/div>","protected":false},"author":1,"featured_media":23,"parent":0,"menu_order":0,"comment_status":"closed","ping_status":"closed","template":"","meta":{"_et_pb_use_builder":"on","_et_pb_old_content":"","_et_gb_content_width":"","footnotes":""},"class_list":["post-432","page","type-page","status-publish","has-post-thumbnail","hentry"],"acf":[],"_links":{"self":[{"href":"https:\/\/www.intacol.pt\/fr\/wp-json\/wp\/v2\/pages\/432","targetHints":{"allow":["GET"]}}],"collection":[{"href":"https:\/\/www.intacol.pt\/fr\/wp-json\/wp\/v2\/pages"}],"about":[{"href":"https:\/\/www.intacol.pt\/fr\/wp-json\/wp\/v2\/types\/page"}],"author":[{"embeddable":true,"href":"https:\/\/www.intacol.pt\/fr\/wp-json\/wp\/v2\/users\/1"}],"replies":[{"embeddable":true,"href":"https:\/\/www.intacol.pt\/fr\/wp-json\/wp\/v2\/comments?post=432"}],"version-history":[{"count":25,"href":"https:\/\/www.intacol.pt\/fr\/wp-json\/wp\/v2\/pages\/432\/revisions"}],"predecessor-version":[{"id":2361,"href":"https:\/\/www.intacol.pt\/fr\/wp-json\/wp\/v2\/pages\/432\/revisions\/2361"}],"wp:featuredmedia":[{"embeddable":true,"href":"https:\/\/www.intacol.pt\/fr\/wp-json\/wp\/v2\/media\/23"}],"wp:attachment":[{"href":"https:\/\/www.intacol.pt\/fr\/wp-json\/wp\/v2\/media?parent=432"}],"curies":[{"name":"wp","href":"https:\/\/api.w.org\/{rel}","templated":true}]}}