
{"id":1161,"date":"2021-11-15T15:34:35","date_gmt":"2021-11-15T15:34:35","guid":{"rendered":"https:\/\/www.intacol.pt\/?post_type=product&#038;p=1161"},"modified":"2025-09-24T10:36:27","modified_gmt":"2025-09-24T10:36:27","slug":"balance","status":"publish","type":"product","link":"https:\/\/www.intacol.pt\/fr\/produto\/balance\/","title":{"rendered":"BALANCE"},"content":{"rendered":"<h3><strong>Aliment qui apporte, par l&#039;ingestion de petits volumes, tous les nutriments n\u00e9cessaires \u00e0 la sant\u00e9 et \u00e0 la vitalit\u00e9 du cheval.<\/strong><\/h3>\n<div>\u2022 Faible teneur en amidon et en sucres simples, convient aux chevaux pr\u00e9sentant : une sensibilit\u00e9 \u00e0 l&#039;amidon ; des ulc\u00e8res gastriques ; une dentition compromise ; ou un temp\u00e9rament nerveux.<\/div>\n<div>\u2022 Riche en vitamine E et en s\u00e9l\u00e9nium, favorisant la r\u00e9cup\u00e9ration musculaire.<\/div>\n<div>\u2022 Teneur \u00e9lev\u00e9e en mati\u00e8res grasses et riche en om\u00e9ga 3.<\/div>","protected":false},"excerpt":{"rendered":"<p>Aliment qui permet, gr\u00e2ce \u00e0 l&#039;ingestion de petits volumes, d&#039;apporter tous les nutriments n\u00e9cessaires \u00e0 la sant\u00e9 et \u00e0 la vitalit\u00e9 du cheval.<\/p>","protected":false},"featured_media":2695,"comment_status":"open","ping_status":"closed","template":"","meta":{"_et_pb_use_builder":"","_et_pb_old_content":"","_et_gb_content_width":""},"product_brand":[],"product_cat":[148,82,34],"product_tag":[127,72,68,71],"class_list":{"0":"post-1161","1":"product","2":"type-product","3":"status-publish","4":"has-post-thumbnail","6":"product_cat-alimentos","7":"product_cat-excesso-de-peso","8":"product_cat-produtos","9":"product_tag-baixo-em-amido-e-acucares","10":"product_tag-cavalo-a-campo-paddock","11":"product_tag-trabalho-ligeiro-lazer","12":"product_tag-trabalho-moderado-intenso","14":"first","15":"instock","16":"shipping-taxable","17":"product-type-simple"},"acf":[],"_links":{"self":[{"href":"https:\/\/www.intacol.pt\/fr\/wp-json\/wp\/v2\/product\/1161","targetHints":{"allow":["GET"]}}],"collection":[{"href":"https:\/\/www.intacol.pt\/fr\/wp-json\/wp\/v2\/product"}],"about":[{"href":"https:\/\/www.intacol.pt\/fr\/wp-json\/wp\/v2\/types\/product"}],"replies":[{"embeddable":true,"href":"https:\/\/www.intacol.pt\/fr\/wp-json\/wp\/v2\/comments?post=1161"}],"wp:featuredmedia":[{"embeddable":true,"href":"https:\/\/www.intacol.pt\/fr\/wp-json\/wp\/v2\/media\/2695"}],"wp:attachment":[{"href":"https:\/\/www.intacol.pt\/fr\/wp-json\/wp\/v2\/media?parent=1161"}],"wp:term":[{"taxonomy":"product_brand","embeddable":true,"href":"https:\/\/www.intacol.pt\/fr\/wp-json\/wp\/v2\/product_brand?post=1161"},{"taxonomy":"product_cat","embeddable":true,"href":"https:\/\/www.intacol.pt\/fr\/wp-json\/wp\/v2\/product_cat?post=1161"},{"taxonomy":"product_tag","embeddable":true,"href":"https:\/\/www.intacol.pt\/fr\/wp-json\/wp\/v2\/product_tag?post=1161"}],"curies":[{"name":"wp","href":"https:\/\/api.w.org\/{rel}","templated":true}]}}