
{"id":1189,"date":"2021-11-16T09:18:25","date_gmt":"2021-11-16T09:18:25","guid":{"rendered":"https:\/\/www.intacol.pt\/?post_type=product&#038;p=1189"},"modified":"2025-09-24T10:35:07","modified_gmt":"2025-09-24T10:35:07","slug":"keep-on","status":"publish","type":"product","link":"https:\/\/www.intacol.pt\/fr\/produto\/keep-on\/","title":{"rendered":"KEEP ON"},"content":{"rendered":"<h3><strong>Aliment granul\u00e9 formul\u00e9 sans avoine, pour chevaux adultes en travail l\u00e9ger \u00e0 mod\u00e9r\u00e9.<\/strong><\/h3>\n<div>\u2022 Densit\u00e9 \u00e9nerg\u00e9tique pertinente contribuant au maintien d\u2019une condition corporelle ad\u00e9quate.<\/div>\n<div>\u2022 Des niveaux ad\u00e9quats de prot\u00e9ines qui assurent un soutien tissulaire correct.<\/div>\n<div>\u2022 Avec des min\u00e9raux et des vitamines essentiels \u00e0 la sant\u00e9 et aux performances du cheval.<\/div>","protected":false},"excerpt":{"rendered":"<p>Aliment granul\u00e9 formul\u00e9 sans avoine, pour chevaux adultes en travail l\u00e9ger \u00e0 mod\u00e9r\u00e9.<\/p>","protected":false},"featured_media":2702,"comment_status":"open","ping_status":"closed","template":"","meta":{"_et_pb_use_builder":"","_et_pb_old_content":"","_et_gb_content_width":""},"product_brand":[],"product_cat":[148,89,34,149],"product_tag":[72,68],"class_list":{"0":"post-1189","1":"product","2":"type-product","3":"status-publish","4":"has-post-thumbnail","6":"product_cat-alimentos","7":"product_cat-cavalo-a-campo-paddock","8":"product_cat-produtos","9":"product_cat-trabalho-leve-moderado","10":"product_tag-cavalo-a-campo-paddock","11":"product_tag-trabalho-ligeiro-lazer","13":"first","14":"instock","15":"shipping-taxable","16":"product-type-simple"},"acf":[],"_links":{"self":[{"href":"https:\/\/www.intacol.pt\/fr\/wp-json\/wp\/v2\/product\/1189","targetHints":{"allow":["GET"]}}],"collection":[{"href":"https:\/\/www.intacol.pt\/fr\/wp-json\/wp\/v2\/product"}],"about":[{"href":"https:\/\/www.intacol.pt\/fr\/wp-json\/wp\/v2\/types\/product"}],"replies":[{"embeddable":true,"href":"https:\/\/www.intacol.pt\/fr\/wp-json\/wp\/v2\/comments?post=1189"}],"wp:featuredmedia":[{"embeddable":true,"href":"https:\/\/www.intacol.pt\/fr\/wp-json\/wp\/v2\/media\/2702"}],"wp:attachment":[{"href":"https:\/\/www.intacol.pt\/fr\/wp-json\/wp\/v2\/media?parent=1189"}],"wp:term":[{"taxonomy":"product_brand","embeddable":true,"href":"https:\/\/www.intacol.pt\/fr\/wp-json\/wp\/v2\/product_brand?post=1189"},{"taxonomy":"product_cat","embeddable":true,"href":"https:\/\/www.intacol.pt\/fr\/wp-json\/wp\/v2\/product_cat?post=1189"},{"taxonomy":"product_tag","embeddable":true,"href":"https:\/\/www.intacol.pt\/fr\/wp-json\/wp\/v2\/product_tag?post=1189"}],"curies":[{"name":"wp","href":"https:\/\/api.w.org\/{rel}","templated":true}]}}