
{"id":1191,"date":"2021-11-16T09:40:28","date_gmt":"2021-11-16T09:40:28","guid":{"rendered":"https:\/\/www.intacol.pt\/?post_type=product&#038;p=1191"},"modified":"2025-09-24T10:34:25","modified_gmt":"2025-09-24T10:34:25","slug":"muscle-feed","status":"publish","type":"product","link":"https:\/\/www.intacol.pt\/fr\/produto\/muscle-feed\/","title":{"rendered":"MUSCLE FEED"},"content":{"rendered":"<h3><strong>Aliment d\u00e9velopp\u00e9 pour les chevaux qui ont besoin d&#039;un apport \u00e9nerg\u00e9tique suppl\u00e9mentaire et du d\u00e9veloppement de leurs muscles.<\/strong><\/h3>\n<div>\u2022 Diff\u00e9rentes sources d\u2019\u00e9nergie qui maximisent les performances du cheval athl\u00e8te.<\/div>\n<div>\u2022 Riche en vitamine E et en s\u00e9l\u00e9nium organique, favorisant la r\u00e9cup\u00e9ration musculaire.<\/div>\n<div>\u2022 Les graines de lin pr\u00e9sentes dans sa composition lui conf\u00e8rent une teneur \u00e9lev\u00e9e en Om\u00e9ga 3.<\/div>","protected":false},"excerpt":{"rendered":"<p>Aliment d\u00e9velopp\u00e9 pour les chevaux qui ont besoin d&#039;un apport \u00e9nerg\u00e9tique suppl\u00e9mentaire et du d\u00e9veloppement de leurs muscles.<\/p>","protected":false},"featured_media":2697,"comment_status":"open","ping_status":"closed","template":"","meta":{"_et_pb_use_builder":"","_et_pb_old_content":"","_et_gb_content_width":""},"product_brand":[],"product_cat":[148,84,151,34],"product_tag":[70,71],"class_list":{"0":"post-1191","1":"product","2":"type-product","3":"status-publish","4":"has-post-thumbnail","6":"product_cat-alimentos","7":"product_cat-desenvolvimento-muscular","8":"product_cat-para-aumentar-o-peso","9":"product_cat-produtos","10":"product_tag-cavalo-frio","11":"product_tag-trabalho-moderado-intenso","13":"first","14":"instock","15":"shipping-taxable","16":"product-type-simple"},"acf":[],"_links":{"self":[{"href":"https:\/\/www.intacol.pt\/fr\/wp-json\/wp\/v2\/product\/1191","targetHints":{"allow":["GET"]}}],"collection":[{"href":"https:\/\/www.intacol.pt\/fr\/wp-json\/wp\/v2\/product"}],"about":[{"href":"https:\/\/www.intacol.pt\/fr\/wp-json\/wp\/v2\/types\/product"}],"replies":[{"embeddable":true,"href":"https:\/\/www.intacol.pt\/fr\/wp-json\/wp\/v2\/comments?post=1191"}],"wp:featuredmedia":[{"embeddable":true,"href":"https:\/\/www.intacol.pt\/fr\/wp-json\/wp\/v2\/media\/2697"}],"wp:attachment":[{"href":"https:\/\/www.intacol.pt\/fr\/wp-json\/wp\/v2\/media?parent=1191"}],"wp:term":[{"taxonomy":"product_brand","embeddable":true,"href":"https:\/\/www.intacol.pt\/fr\/wp-json\/wp\/v2\/product_brand?post=1191"},{"taxonomy":"product_cat","embeddable":true,"href":"https:\/\/www.intacol.pt\/fr\/wp-json\/wp\/v2\/product_cat?post=1191"},{"taxonomy":"product_tag","embeddable":true,"href":"https:\/\/www.intacol.pt\/fr\/wp-json\/wp\/v2\/product_tag?post=1191"}],"curies":[{"name":"wp","href":"https:\/\/api.w.org\/{rel}","templated":true}]}}