
{"id":1232,"date":"2021-11-16T13:09:00","date_gmt":"2021-11-16T13:09:00","guid":{"rendered":"https:\/\/www.intacol.pt\/?post_type=product&#038;p=1232"},"modified":"2025-09-24T10:28:10","modified_gmt":"2025-09-24T10:28:10","slug":"alfabeet","status":"publish","type":"product","link":"https:\/\/www.intacol.pt\/fr\/produto\/alfabeet\/","title":{"rendered":"ALFABEET"},"content":{"rendered":"<h3><strong>Aliment d\u00e9velopp\u00e9 pour remplacer partiellement le fourrage de tous types de chevaux, compos\u00e9 de super fibres telles que la pulpe de betterave et la luzerne qui fournissent de l&#039;\u00e9nergie \u00e0 lib\u00e9ration lente, aidant \u00e0 maintenir une bonne sant\u00e9 digestive.<\/strong><\/h3>\n<div>\u2022 Id\u00e9al pour les chevaux n\u00e9cessitant une source de fourrage alternative ou un aliment \u00e0 faible teneur en amidon et riche en fibres, ou pour les chevaux ayant des probl\u00e8mes dentaires et\/ou digestifs.<\/div>\n<div>\u2022 Il doit \u00eatre dissous dans l\u2019eau pour cr\u00e9er un aliment facile \u00e0 m\u00e2cher et \u00e0 dig\u00e9rer.<\/div>","protected":false},"excerpt":{"rendered":"<p>Aliment d\u00e9velopp\u00e9 pour remplacer partiellement le fourrage de tous types de chevaux, compos\u00e9 de super fibres telles que la Pulpe de Betterave et de Luzerne.<\/p>","protected":false},"featured_media":2818,"comment_status":"open","ping_status":"closed","template":"","meta":{"_et_pb_use_builder":"","_et_pb_old_content":"","_et_gb_content_width":""},"product_brand":[],"product_cat":[148,154,34,153],"product_tag":[127,116,68,71],"class_list":{"0":"post-1232","1":"product","2":"type-product","3":"status-publish","4":"has-post-thumbnail","6":"product_cat-alimentos","7":"product_cat-fibras","8":"product_cat-produtos","9":"product_cat-sem-cereais","10":"product_tag-baixo-em-amido-e-acucares","11":"product_tag-fontes-de-fibra","12":"product_tag-trabalho-ligeiro-lazer","13":"product_tag-trabalho-moderado-intenso","15":"first","16":"instock","17":"shipping-taxable","18":"product-type-simple"},"acf":[],"_links":{"self":[{"href":"https:\/\/www.intacol.pt\/fr\/wp-json\/wp\/v2\/product\/1232","targetHints":{"allow":["GET"]}}],"collection":[{"href":"https:\/\/www.intacol.pt\/fr\/wp-json\/wp\/v2\/product"}],"about":[{"href":"https:\/\/www.intacol.pt\/fr\/wp-json\/wp\/v2\/types\/product"}],"replies":[{"embeddable":true,"href":"https:\/\/www.intacol.pt\/fr\/wp-json\/wp\/v2\/comments?post=1232"}],"wp:featuredmedia":[{"embeddable":true,"href":"https:\/\/www.intacol.pt\/fr\/wp-json\/wp\/v2\/media\/2818"}],"wp:attachment":[{"href":"https:\/\/www.intacol.pt\/fr\/wp-json\/wp\/v2\/media?parent=1232"}],"wp:term":[{"taxonomy":"product_brand","embeddable":true,"href":"https:\/\/www.intacol.pt\/fr\/wp-json\/wp\/v2\/product_brand?post=1232"},{"taxonomy":"product_cat","embeddable":true,"href":"https:\/\/www.intacol.pt\/fr\/wp-json\/wp\/v2\/product_cat?post=1232"},{"taxonomy":"product_tag","embeddable":true,"href":"https:\/\/www.intacol.pt\/fr\/wp-json\/wp\/v2\/product_tag?post=1232"}],"curies":[{"name":"wp","href":"https:\/\/api.w.org\/{rel}","templated":true}]}}