
{"id":1238,"date":"2021-11-17T09:56:10","date_gmt":"2021-11-17T09:56:10","guid":{"rendered":"https:\/\/www.intacol.pt\/?post_type=product&#038;p=1238"},"modified":"2025-09-24T10:25:14","modified_gmt":"2025-09-24T10:25:14","slug":"artiplus","status":"publish","type":"product","link":"https:\/\/www.intacol.pt\/fr\/produto\/artiplus\/","title":{"rendered":"ARTIPLUS"},"content":{"rendered":"<h3><strong>Compl\u00e9ment de mobilit\u00e9 contenant des composants de soutien articulaire de haute qualit\u00e9, aidant \u00e0 maintenir une r\u00e9ponse saine \u00e0 l&#039;inflammation, b\u00e9n\u00e9ficiant \u00e0 la flexibilit\u00e9 et \u00e0 la mobilit\u00e9 des articulations.<\/strong><\/h3>\n<p>Id\u00e9al pour : chevaux de travail et de comp\u00e9tition ; chevaux plus \u00e2g\u00e9s ; poulains qui commencent \u00e0 travailler ; chevaux ayant des probl\u00e8mes articulaires.<\/p>","protected":false},"excerpt":{"rendered":"<p>Compl\u00e9ment de mobilit\u00e9 contenant des composants de soutien articulaire de haute qualit\u00e9, b\u00e9n\u00e9fiques pour la flexibilit\u00e9 et la mobilit\u00e9 des articulations.<\/p>","protected":false},"featured_media":2711,"comment_status":"open","ping_status":"closed","template":"","meta":{"_et_pb_use_builder":"","_et_pb_old_content":"","_et_gb_content_width":""},"product_brand":[],"product_cat":[156,34,105],"product_tag":[],"class_list":{"0":"post-1238","1":"product","2":"type-product","3":"status-publish","4":"has-post-thumbnail","6":"product_cat-articulacoes","7":"product_cat-produtos","8":"product_cat-suplementos","10":"first","11":"instock","12":"shipping-taxable","13":"product-type-simple"},"acf":[],"_links":{"self":[{"href":"https:\/\/www.intacol.pt\/fr\/wp-json\/wp\/v2\/product\/1238","targetHints":{"allow":["GET"]}}],"collection":[{"href":"https:\/\/www.intacol.pt\/fr\/wp-json\/wp\/v2\/product"}],"about":[{"href":"https:\/\/www.intacol.pt\/fr\/wp-json\/wp\/v2\/types\/product"}],"replies":[{"embeddable":true,"href":"https:\/\/www.intacol.pt\/fr\/wp-json\/wp\/v2\/comments?post=1238"}],"wp:featuredmedia":[{"embeddable":true,"href":"https:\/\/www.intacol.pt\/fr\/wp-json\/wp\/v2\/media\/2711"}],"wp:attachment":[{"href":"https:\/\/www.intacol.pt\/fr\/wp-json\/wp\/v2\/media?parent=1238"}],"wp:term":[{"taxonomy":"product_brand","embeddable":true,"href":"https:\/\/www.intacol.pt\/fr\/wp-json\/wp\/v2\/product_brand?post=1238"},{"taxonomy":"product_cat","embeddable":true,"href":"https:\/\/www.intacol.pt\/fr\/wp-json\/wp\/v2\/product_cat?post=1238"},{"taxonomy":"product_tag","embeddable":true,"href":"https:\/\/www.intacol.pt\/fr\/wp-json\/wp\/v2\/product_tag?post=1238"}],"curies":[{"name":"wp","href":"https:\/\/api.w.org\/{rel}","templated":true}]}}