
{"id":1245,"date":"2021-11-17T11:37:21","date_gmt":"2021-11-17T11:37:21","guid":{"rendered":"https:\/\/www.intacol.pt\/?post_type=product&#038;p=1245"},"modified":"2025-09-24T08:05:47","modified_gmt":"2025-09-24T08:05:47","slug":"airway","status":"publish","type":"product","link":"https:\/\/www.intacol.pt\/fr\/produto\/airway\/","title":{"rendered":"AIRWAY"},"content":{"rendered":"<h3><strong>Compl\u00e9ment d\u00e9velopp\u00e9 dans le but d&#039;optimiser la fonction respiratoire des chevaux, contenant des huiles essentielles et des extraits de plantes aux propri\u00e9t\u00e9s d\u00e9congestionnantes, expectorantes et calmantes.<\/strong><\/h3>\n<p>Recommand\u00e9 pour : tous types de chevaux soumis \u00e0 des efforts intenses ; chevaux pr\u00e9sentant des probl\u00e8mes respiratoires (toux et autres).<\/p>","protected":false},"excerpt":{"rendered":"<p>Compl\u00e9ment d\u00e9velopp\u00e9 dans le but d&#039;optimiser la fonction respiratoire des chevaux, contenant des huiles essentielles et des extraits de plantes.<\/p>","protected":false},"featured_media":2710,"comment_status":"open","ping_status":"closed","template":"","meta":{"_et_pb_use_builder":"off","_et_pb_old_content":"<h3><strong>Suplemento desenvolvido com o intuito de optimizar a fun\u00e7\u00e3o respirat\u00f3ria de cavalos, contendo \u00f3leos essenciais e extractos de plantas que apresentam propriedades descongestionantes, expectorantes e calmantes.<\/strong><\/h3>\r\nIndicado para: todo o tipo de cavalos sujeitos a esfor\u00e7os intensos; cavalos com problemas respirat\u00f3rios (tosse e outros).","_et_gb_content_width":""},"product_brand":[],"product_cat":[113,34,105],"product_tag":[],"class_list":{"0":"post-1245","1":"product","2":"type-product","3":"status-publish","4":"has-post-thumbnail","6":"product_cat-funcao-respiratoria","7":"product_cat-produtos","8":"product_cat-suplementos","10":"first","11":"instock","12":"shipping-taxable","13":"product-type-simple"},"acf":[],"_links":{"self":[{"href":"https:\/\/www.intacol.pt\/fr\/wp-json\/wp\/v2\/product\/1245","targetHints":{"allow":["GET"]}}],"collection":[{"href":"https:\/\/www.intacol.pt\/fr\/wp-json\/wp\/v2\/product"}],"about":[{"href":"https:\/\/www.intacol.pt\/fr\/wp-json\/wp\/v2\/types\/product"}],"replies":[{"embeddable":true,"href":"https:\/\/www.intacol.pt\/fr\/wp-json\/wp\/v2\/comments?post=1245"}],"wp:featuredmedia":[{"embeddable":true,"href":"https:\/\/www.intacol.pt\/fr\/wp-json\/wp\/v2\/media\/2710"}],"wp:attachment":[{"href":"https:\/\/www.intacol.pt\/fr\/wp-json\/wp\/v2\/media?parent=1245"}],"wp:term":[{"taxonomy":"product_brand","embeddable":true,"href":"https:\/\/www.intacol.pt\/fr\/wp-json\/wp\/v2\/product_brand?post=1245"},{"taxonomy":"product_cat","embeddable":true,"href":"https:\/\/www.intacol.pt\/fr\/wp-json\/wp\/v2\/product_cat?post=1245"},{"taxonomy":"product_tag","embeddable":true,"href":"https:\/\/www.intacol.pt\/fr\/wp-json\/wp\/v2\/product_tag?post=1245"}],"curies":[{"name":"wp","href":"https:\/\/api.w.org\/{rel}","templated":true}]}}