
{"id":1252,"date":"2021-11-17T11:47:04","date_gmt":"2021-11-17T11:47:04","guid":{"rendered":"https:\/\/www.intacol.pt\/?post_type=product&#038;p=1252"},"modified":"2025-09-24T08:01:33","modified_gmt":"2025-09-24T08:01:33","slug":"gastrobalance","status":"publish","type":"product","link":"https:\/\/www.intacol.pt\/fr\/produto\/gastrobalance\/","title":{"rendered":"GASTROBALANCE"},"content":{"rendered":"<h3><strong>Suppl\u00e9ment qui aide \u00e0 assurer le bon fonctionnement de l&#039;\u00e9pith\u00e9lium de l&#039;estomac, favorisant l&#039;\u00e9quilibre du processus digestif.<\/strong><\/h3>\n<p>Convient pour : chevaux pr\u00e9sentant des signes de troubles digestifs, signes cliniques de dysbiose (diarrh\u00e9e) ; chevaux \u00e2g\u00e9s avec une efficacit\u00e9 digestive r\u00e9duite ; phases post-traitement avec antibiotiques.<\/p>","protected":false},"excerpt":{"rendered":"<p>Suppl\u00e9ment qui aide \u00e0 assurer le bon fonctionnement de l&#039;\u00e9pith\u00e9lium de l&#039;estomac, favorisant l&#039;\u00e9quilibre du processus digestif.<\/p>","protected":false},"featured_media":3157,"comment_status":"open","ping_status":"closed","template":"","meta":{"_et_pb_use_builder":"","_et_pb_old_content":"","_et_gb_content_width":""},"product_brand":[],"product_cat":[34,160,105],"product_tag":[],"class_list":{"0":"post-1252","1":"product","2":"type-product","3":"status-publish","4":"has-post-thumbnail","6":"product_cat-produtos","7":"product_cat-saude-gastrointestinal-suplementos","8":"product_cat-suplementos","10":"first","11":"instock","12":"shipping-taxable","13":"product-type-simple"},"acf":[],"_links":{"self":[{"href":"https:\/\/www.intacol.pt\/fr\/wp-json\/wp\/v2\/product\/1252","targetHints":{"allow":["GET"]}}],"collection":[{"href":"https:\/\/www.intacol.pt\/fr\/wp-json\/wp\/v2\/product"}],"about":[{"href":"https:\/\/www.intacol.pt\/fr\/wp-json\/wp\/v2\/types\/product"}],"replies":[{"embeddable":true,"href":"https:\/\/www.intacol.pt\/fr\/wp-json\/wp\/v2\/comments?post=1252"}],"wp:featuredmedia":[{"embeddable":true,"href":"https:\/\/www.intacol.pt\/fr\/wp-json\/wp\/v2\/media\/3157"}],"wp:attachment":[{"href":"https:\/\/www.intacol.pt\/fr\/wp-json\/wp\/v2\/media?parent=1252"}],"wp:term":[{"taxonomy":"product_brand","embeddable":true,"href":"https:\/\/www.intacol.pt\/fr\/wp-json\/wp\/v2\/product_brand?post=1252"},{"taxonomy":"product_cat","embeddable":true,"href":"https:\/\/www.intacol.pt\/fr\/wp-json\/wp\/v2\/product_cat?post=1252"},{"taxonomy":"product_tag","embeddable":true,"href":"https:\/\/www.intacol.pt\/fr\/wp-json\/wp\/v2\/product_tag?post=1252"}],"curies":[{"name":"wp","href":"https:\/\/api.w.org\/{rel}","templated":true}]}}