
{"id":1838,"date":"2022-03-02T16:02:47","date_gmt":"2022-03-02T16:02:47","guid":{"rendered":"https:\/\/www.intacol.pt\/?post_type=product&#038;p=1838"},"modified":"2026-02-18T12:48:41","modified_gmt":"2026-02-18T12:48:41","slug":"peerspan","status":"publish","type":"product","link":"https:\/\/www.intacol.pt\/fr\/produto\/peerspan\/","title":{"rendered":"PEERSPAN"},"content":{"rendered":"<h3><strong>Copeaux de bois de haute qualit\u00e9 sans produits chimiques ajout\u00e9s, id\u00e9aux pour la liti\u00e8re des chevaux d&#039;\u00e9curie.<\/strong><\/h3>\n<div>\u2022 Balles de copeaux de 20 et 23 kg, fabriqu\u00e9es \u00e0 partir de pin nordique naturel 100%.<\/div>\n<div>\u2022 Mati\u00e8re douce et \u00e9lastique, id\u00e9ale pour le confort du cheval.<\/div>\n<div>\u2022 Hautement absorbant, garantissant un niveau d\u2019hygi\u00e8ne extr\u00eamement \u00e9lev\u00e9.<\/div>","protected":false},"excerpt":{"rendered":"<p>Copeaux de pin nordique naturel 100%, id\u00e9al pour la liti\u00e8re des chevaux en \u00e9curie.<\/p>","protected":false},"featured_media":1839,"comment_status":"open","ping_status":"closed","template":"","meta":{"_et_pb_use_builder":"","_et_pb_old_content":"","_et_gb_content_width":""},"product_brand":[],"product_cat":[122,34],"product_tag":[],"class_list":{"0":"post-1838","1":"product","2":"type-product","3":"status-publish","4":"has-post-thumbnail","6":"product_cat-camas","7":"product_cat-produtos","9":"first","10":"instock","11":"shipping-taxable","12":"product-type-simple"},"acf":[],"_links":{"self":[{"href":"https:\/\/www.intacol.pt\/fr\/wp-json\/wp\/v2\/product\/1838","targetHints":{"allow":["GET"]}}],"collection":[{"href":"https:\/\/www.intacol.pt\/fr\/wp-json\/wp\/v2\/product"}],"about":[{"href":"https:\/\/www.intacol.pt\/fr\/wp-json\/wp\/v2\/types\/product"}],"replies":[{"embeddable":true,"href":"https:\/\/www.intacol.pt\/fr\/wp-json\/wp\/v2\/comments?post=1838"}],"wp:featuredmedia":[{"embeddable":true,"href":"https:\/\/www.intacol.pt\/fr\/wp-json\/wp\/v2\/media\/1839"}],"wp:attachment":[{"href":"https:\/\/www.intacol.pt\/fr\/wp-json\/wp\/v2\/media?parent=1838"}],"wp:term":[{"taxonomy":"product_brand","embeddable":true,"href":"https:\/\/www.intacol.pt\/fr\/wp-json\/wp\/v2\/product_brand?post=1838"},{"taxonomy":"product_cat","embeddable":true,"href":"https:\/\/www.intacol.pt\/fr\/wp-json\/wp\/v2\/product_cat?post=1838"},{"taxonomy":"product_tag","embeddable":true,"href":"https:\/\/www.intacol.pt\/fr\/wp-json\/wp\/v2\/product_tag?post=1838"}],"curies":[{"name":"wp","href":"https:\/\/api.w.org\/{rel}","templated":true}]}}