
{"id":2284,"date":"2023-11-02T13:48:01","date_gmt":"2023-11-02T13:48:01","guid":{"rendered":"https:\/\/www.intacol.pt\/?post_type=product&#038;p=2284"},"modified":"2025-09-24T07:47:51","modified_gmt":"2025-09-24T07:47:51","slug":"e-power","status":"publish","type":"product","link":"https:\/\/www.intacol.pt\/fr\/produto\/e-power\/","title":{"rendered":"E-POWER"},"content":{"rendered":"<h3><strong>Excellente source liquide de vitamine E, qui agit comme un puissant antioxydant.<\/strong><\/h3>\n<p>Favorise la r\u00e9cup\u00e9ration musculaire apr\u00e8s un exercice physique intense et\/ou une comp\u00e9tition et renforce le syst\u00e8me immunitaire.<\/p>","protected":false},"excerpt":{"rendered":"<p><span class=\"NormalTextRun SCXW149781507 BCX8\"><span class=\"TextRun SCXW254565399 BCX8\" lang=\"PT-PT\" xml:lang=\"PT-PT\" data-contrast=\"auto\"><span class=\"NormalTextRun SCXW254565399 BCX8\">Haute concentration en vitamine E, id\u00e9ale pour favoriser la r\u00e9cup\u00e9ration musculaire apr\u00e8s un exercice physique\/comp\u00e9tition.<\/span><\/span><\/span><\/p>","protected":false},"featured_media":2281,"comment_status":"open","ping_status":"closed","template":"","meta":{"_et_pb_use_builder":"","_et_pb_old_content":"","_et_gb_content_width":""},"product_brand":[],"product_cat":[113,114,34,157,138,105],"product_tag":[],"class_list":{"0":"post-2284","1":"product","2":"type-product","3":"status-publish","4":"has-post-thumbnail","6":"product_cat-funcao-respiratoria","7":"product_cat-performance-suplementos","8":"product_cat-produtos","9":"product_cat-recuperacao-muscular","10":"product_cat-reproducao-e-crescimento","11":"product_cat-suplementos","13":"first","14":"instock","15":"shipping-taxable","16":"product-type-simple"},"acf":[],"_links":{"self":[{"href":"https:\/\/www.intacol.pt\/fr\/wp-json\/wp\/v2\/product\/2284","targetHints":{"allow":["GET"]}}],"collection":[{"href":"https:\/\/www.intacol.pt\/fr\/wp-json\/wp\/v2\/product"}],"about":[{"href":"https:\/\/www.intacol.pt\/fr\/wp-json\/wp\/v2\/types\/product"}],"replies":[{"embeddable":true,"href":"https:\/\/www.intacol.pt\/fr\/wp-json\/wp\/v2\/comments?post=2284"}],"wp:featuredmedia":[{"embeddable":true,"href":"https:\/\/www.intacol.pt\/fr\/wp-json\/wp\/v2\/media\/2281"}],"wp:attachment":[{"href":"https:\/\/www.intacol.pt\/fr\/wp-json\/wp\/v2\/media?parent=2284"}],"wp:term":[{"taxonomy":"product_brand","embeddable":true,"href":"https:\/\/www.intacol.pt\/fr\/wp-json\/wp\/v2\/product_brand?post=2284"},{"taxonomy":"product_cat","embeddable":true,"href":"https:\/\/www.intacol.pt\/fr\/wp-json\/wp\/v2\/product_cat?post=2284"},{"taxonomy":"product_tag","embeddable":true,"href":"https:\/\/www.intacol.pt\/fr\/wp-json\/wp\/v2\/product_tag?post=2284"}],"curies":[{"name":"wp","href":"https:\/\/api.w.org\/{rel}","templated":true}]}}