
{"id":2336,"date":"2024-02-22T14:17:08","date_gmt":"2024-02-22T14:17:08","guid":{"rendered":"https:\/\/www.intacol.pt\/?post_type=product&#038;p=2336"},"modified":"2025-09-24T07:40:59","modified_gmt":"2025-09-24T07:40:59","slug":"lactostart","status":"publish","type":"product","link":"https:\/\/www.intacol.pt\/fr\/produto\/lactostart\/","title":{"rendered":"LACTOSTART"},"content":{"rendered":"<h3><strong>Aliment sp\u00e9cifiquement d\u00e9velopp\u00e9 pour les poulains de 2 \u00e0 8 mois.<\/strong><\/h3>\n<div>\u2022 Aliment extrud\u00e9 100 % assurant une digestibilit\u00e9 totale.<br \/>\n\u2022 Id\u00e9al pour compl\u00e9ter le lait maternel, il contient du lactos\u00e9rum qui permet une transition en toute s\u00e9curit\u00e9 entre les phases pr\u00e9 et post-sevrage.<br \/>\n\u2022 Formul\u00e9 avec des prot\u00e9ines \u00e0 haute valeur biologique pour optimiser la croissance du poulain.<\/div>","protected":false},"excerpt":{"rendered":"<p>Aliment formul\u00e9 pour les poulains de 2 \u00e0 8 mois.<\/p>","protected":false},"featured_media":2337,"comment_status":"open","ping_status":"closed","template":"","meta":{"_et_pb_use_builder":"","_et_pb_old_content":"","_et_gb_content_width":""},"product_brand":[],"product_cat":[148,143,34],"product_tag":[104],"class_list":{"0":"post-2336","1":"product","2":"type-product","3":"status-publish","4":"has-post-thumbnail","6":"product_cat-alimentos","7":"product_cat-poldros-crescimento","8":"product_cat-produtos","9":"product_tag-poldros-em-crescimento","11":"first","12":"instock","13":"shipping-taxable","14":"product-type-simple"},"acf":[],"_links":{"self":[{"href":"https:\/\/www.intacol.pt\/fr\/wp-json\/wp\/v2\/product\/2336","targetHints":{"allow":["GET"]}}],"collection":[{"href":"https:\/\/www.intacol.pt\/fr\/wp-json\/wp\/v2\/product"}],"about":[{"href":"https:\/\/www.intacol.pt\/fr\/wp-json\/wp\/v2\/types\/product"}],"replies":[{"embeddable":true,"href":"https:\/\/www.intacol.pt\/fr\/wp-json\/wp\/v2\/comments?post=2336"}],"wp:featuredmedia":[{"embeddable":true,"href":"https:\/\/www.intacol.pt\/fr\/wp-json\/wp\/v2\/media\/2337"}],"wp:attachment":[{"href":"https:\/\/www.intacol.pt\/fr\/wp-json\/wp\/v2\/media?parent=2336"}],"wp:term":[{"taxonomy":"product_brand","embeddable":true,"href":"https:\/\/www.intacol.pt\/fr\/wp-json\/wp\/v2\/product_brand?post=2336"},{"taxonomy":"product_cat","embeddable":true,"href":"https:\/\/www.intacol.pt\/fr\/wp-json\/wp\/v2\/product_cat?post=2336"},{"taxonomy":"product_tag","embeddable":true,"href":"https:\/\/www.intacol.pt\/fr\/wp-json\/wp\/v2\/product_tag?post=2336"}],"curies":[{"name":"wp","href":"https:\/\/api.w.org\/{rel}","templated":true}]}}