
{"id":246,"date":"2021-10-19T13:51:01","date_gmt":"2021-10-19T13:51:01","guid":{"rendered":"http:\/\/intacol.pt\/?post_type=product&#038;p=246"},"modified":"2025-12-16T11:44:04","modified_gmt":"2025-12-16T11:44:04","slug":"easymix","status":"publish","type":"product","link":"https:\/\/www.intacol.pt\/fr\/produto\/easymix\/","title":{"rendered":"EASYMIX"},"content":{"rendered":"<h3 style=\"text-align: left;\"><strong>Aliment formul\u00e9 sans avoine d\u00e9velopp\u00e9 pour couvrir les besoins nutritionnels des chevaux adultes au travail mod\u00e9r\u00e9.<\/strong><\/h3>\n<p>\u2022 Combinaison \u00e9quilibr\u00e9e de c\u00e9r\u00e9ales floconn\u00e9es et extrud\u00e9es.<\/p>\n<p>\u2022 Le riz extrud\u00e9 lui conf\u00e8re une teneur plus \u00e9lev\u00e9e en fibres solubles, contribuant au bon fonctionnement du tractus gastro-intestinal.<\/p>\n<p>\u2022 Avec des min\u00e9raux et des vitamines essentiels \u00e0 la sant\u00e9 et aux performances du cheval.<\/p>","protected":false},"excerpt":{"rendered":"<p>Aliment formul\u00e9 sans avoine d\u00e9velopp\u00e9 pour les chevaux adultes au travail mod\u00e9r\u00e9.<\/p>","protected":false},"featured_media":2699,"comment_status":"open","ping_status":"closed","template":"","meta":{"_et_pb_use_builder":"","_et_pb_old_content":"","_et_gb_content_width":""},"product_brand":[],"product_cat":[148,34,149,91],"product_tag":[67,72,68,71],"class_list":{"0":"post-246","1":"product","2":"type-product","3":"status-publish","4":"has-post-thumbnail","6":"product_cat-alimentos","7":"product_cat-produtos","8":"product_cat-trabalho-leve-moderado","9":"product_cat-trabalho-moderado-intenso","10":"product_tag-cavalo-quente","11":"product_tag-cavalo-a-campo-paddock","12":"product_tag-trabalho-ligeiro-lazer","13":"product_tag-trabalho-moderado-intenso","15":"first","16":"instock","17":"shipping-taxable","18":"product-type-simple"},"acf":[],"_links":{"self":[{"href":"https:\/\/www.intacol.pt\/fr\/wp-json\/wp\/v2\/product\/246","targetHints":{"allow":["GET"]}}],"collection":[{"href":"https:\/\/www.intacol.pt\/fr\/wp-json\/wp\/v2\/product"}],"about":[{"href":"https:\/\/www.intacol.pt\/fr\/wp-json\/wp\/v2\/types\/product"}],"replies":[{"embeddable":true,"href":"https:\/\/www.intacol.pt\/fr\/wp-json\/wp\/v2\/comments?post=246"}],"wp:featuredmedia":[{"embeddable":true,"href":"https:\/\/www.intacol.pt\/fr\/wp-json\/wp\/v2\/media\/2699"}],"wp:attachment":[{"href":"https:\/\/www.intacol.pt\/fr\/wp-json\/wp\/v2\/media?parent=246"}],"wp:term":[{"taxonomy":"product_brand","embeddable":true,"href":"https:\/\/www.intacol.pt\/fr\/wp-json\/wp\/v2\/product_brand?post=246"},{"taxonomy":"product_cat","embeddable":true,"href":"https:\/\/www.intacol.pt\/fr\/wp-json\/wp\/v2\/product_cat?post=246"},{"taxonomy":"product_tag","embeddable":true,"href":"https:\/\/www.intacol.pt\/fr\/wp-json\/wp\/v2\/product_tag?post=246"}],"curies":[{"name":"wp","href":"https:\/\/api.w.org\/{rel}","templated":true}]}}