
{"id":247,"date":"2021-10-19T13:52:14","date_gmt":"2021-10-19T13:52:14","guid":{"rendered":"http:\/\/intacol.pt\/?post_type=product&#038;p=247"},"modified":"2025-09-24T10:37:57","modified_gmt":"2025-09-24T10:37:57","slug":"equimix","status":"publish","type":"product","link":"https:\/\/www.intacol.pt\/fr\/produto\/equimix\/","title":{"rendered":"\u00c9QUIMIX"},"content":{"rendered":"<h3><strong>Aliment d\u00e9velopp\u00e9 pour r\u00e9pondre aux besoins nutritionnels des chevaux adultes au repos ou en travail l\u00e9ger \u00e0 mod\u00e9r\u00e9.<\/strong><\/h3>\n<p>\u2022 Bonne app\u00e9tence.<\/p>\n<p>\u2022 Contient tous les nutriments essentiels pour une alimentation \u00e9quilibr\u00e9e et saine.<\/p>\n<p>\u2022 L\u2019utilisation de c\u00e9r\u00e9ales floconn\u00e9es assure une bonne digestibilit\u00e9 de cet aliment.<\/p>","protected":false},"excerpt":{"rendered":"<p>Aliment formul\u00e9 pour les chevaux au repos ou en travail l\u00e9ger \u00e0 mod\u00e9r\u00e9.<\/p>","protected":false},"featured_media":2700,"comment_status":"open","ping_status":"closed","template":"","meta":{"_et_pb_use_builder":"","_et_pb_old_content":"","_et_gb_content_width":""},"product_brand":[],"product_cat":[148,89,34,149],"product_tag":[],"class_list":{"0":"post-247","1":"product","2":"type-product","3":"status-publish","4":"has-post-thumbnail","6":"product_cat-alimentos","7":"product_cat-cavalo-a-campo-paddock","8":"product_cat-produtos","9":"product_cat-trabalho-leve-moderado","11":"first","12":"instock","13":"shipping-taxable","14":"product-type-simple"},"acf":[],"_links":{"self":[{"href":"https:\/\/www.intacol.pt\/fr\/wp-json\/wp\/v2\/product\/247","targetHints":{"allow":["GET"]}}],"collection":[{"href":"https:\/\/www.intacol.pt\/fr\/wp-json\/wp\/v2\/product"}],"about":[{"href":"https:\/\/www.intacol.pt\/fr\/wp-json\/wp\/v2\/types\/product"}],"replies":[{"embeddable":true,"href":"https:\/\/www.intacol.pt\/fr\/wp-json\/wp\/v2\/comments?post=247"}],"wp:featuredmedia":[{"embeddable":true,"href":"https:\/\/www.intacol.pt\/fr\/wp-json\/wp\/v2\/media\/2700"}],"wp:attachment":[{"href":"https:\/\/www.intacol.pt\/fr\/wp-json\/wp\/v2\/media?parent=247"}],"wp:term":[{"taxonomy":"product_brand","embeddable":true,"href":"https:\/\/www.intacol.pt\/fr\/wp-json\/wp\/v2\/product_brand?post=247"},{"taxonomy":"product_cat","embeddable":true,"href":"https:\/\/www.intacol.pt\/fr\/wp-json\/wp\/v2\/product_cat?post=247"},{"taxonomy":"product_tag","embeddable":true,"href":"https:\/\/www.intacol.pt\/fr\/wp-json\/wp\/v2\/product_tag?post=247"}],"curies":[{"name":"wp","href":"https:\/\/api.w.org\/{rel}","templated":true}]}}