
{"id":3730,"date":"2024-10-15T09:58:46","date_gmt":"2024-10-15T09:58:46","guid":{"rendered":"https:\/\/www.intacol.pt\/?post_type=product&#038;p=3730"},"modified":"2025-09-24T07:41:59","modified_gmt":"2025-09-24T07:41:59","slug":"equi-haylage","status":"publish","type":"product","link":"https:\/\/www.intacol.pt\/fr\/produto\/equi-haylage\/","title":{"rendered":"EQUI HAYLAGE"},"content":{"rendered":"<h3><strong>Fabriqu\u00e9 \u00e0 partir d&#039;une s\u00e9lection de ray-grass cultiv\u00e9 \u00e0 Kildare, en Irlande. Le ray-grass est coup\u00e9 dans les meilleures conditions, mis en balles, emball\u00e9 et scell\u00e9 imm\u00e9diatement pour pr\u00e9server toute sa valeur nutritionnelle.<br \/>\n<\/strong><\/h3>\n<div>\u2022 Fourrage sans poussi\u00e8re, id\u00e9al pour maintenir le syst\u00e8me respiratoire du cheval en bonne sant\u00e9.<br \/>\n\u2022 Production strictement contr\u00f4l\u00e9e pour assurer une qualit\u00e9 constante.<br \/>\n\u2022 Haute valeur nutritionnelle, ce qui en fait un excellent alli\u00e9 dans l\u2019alimentation du cheval.<br \/>\n\u2022 Facile et pratique \u00e0 ranger.<\/div>","protected":false},"excerpt":{"rendered":"<p>Fabriqu\u00e9 100% \u00e0 partir de ray-grass s\u00e9lectionn\u00e9 cultiv\u00e9 en Irlande.<\/p>","protected":false},"featured_media":3743,"comment_status":"open","ping_status":"closed","template":"","meta":{"_et_pb_use_builder":"","_et_pb_old_content":"","_et_gb_content_width":""},"product_brand":[],"product_cat":[154,34],"product_tag":[127,116,68,71],"class_list":{"0":"post-3730","1":"product","2":"type-product","3":"status-publish","4":"has-post-thumbnail","6":"product_cat-fibras","7":"product_cat-produtos","8":"product_tag-baixo-em-amido-e-acucares","9":"product_tag-fontes-de-fibra","10":"product_tag-trabalho-ligeiro-lazer","11":"product_tag-trabalho-moderado-intenso","13":"first","14":"instock","15":"shipping-taxable","16":"product-type-simple"},"acf":[],"_links":{"self":[{"href":"https:\/\/www.intacol.pt\/fr\/wp-json\/wp\/v2\/product\/3730","targetHints":{"allow":["GET"]}}],"collection":[{"href":"https:\/\/www.intacol.pt\/fr\/wp-json\/wp\/v2\/product"}],"about":[{"href":"https:\/\/www.intacol.pt\/fr\/wp-json\/wp\/v2\/types\/product"}],"replies":[{"embeddable":true,"href":"https:\/\/www.intacol.pt\/fr\/wp-json\/wp\/v2\/comments?post=3730"}],"wp:featuredmedia":[{"embeddable":true,"href":"https:\/\/www.intacol.pt\/fr\/wp-json\/wp\/v2\/media\/3743"}],"wp:attachment":[{"href":"https:\/\/www.intacol.pt\/fr\/wp-json\/wp\/v2\/media?parent=3730"}],"wp:term":[{"taxonomy":"product_brand","embeddable":true,"href":"https:\/\/www.intacol.pt\/fr\/wp-json\/wp\/v2\/product_brand?post=3730"},{"taxonomy":"product_cat","embeddable":true,"href":"https:\/\/www.intacol.pt\/fr\/wp-json\/wp\/v2\/product_cat?post=3730"},{"taxonomy":"product_tag","embeddable":true,"href":"https:\/\/www.intacol.pt\/fr\/wp-json\/wp\/v2\/product_tag?post=3730"}],"curies":[{"name":"wp","href":"https:\/\/api.w.org\/{rel}","templated":true}]}}